{"id":1790,"date":"2026-03-22T21:35:33","date_gmt":"2026-03-22T21:35:33","guid":{"rendered":"https:\/\/www.we-doevents.com\/?page_id=1790"},"modified":"2026-03-24T21:58:13","modified_gmt":"2026-03-24T21:58:13","slug":"entreprise-2","status":"publish","type":"page","link":"https:\/\/www.we-doevents.com\/index.php\/entreprise-2\/","title":{"rendered":"Entreprise"},"content":{"rendered":"\t\t<div data-elementor-type=\"wp-page\" data-elementor-id=\"1790\" class=\"elementor elementor-1790\">\n\t\t\t\t<div class=\"elementor-element elementor-element-3c3312e9 e-flex e-con-boxed e-con e-parent\" data-id=\"3c3312e9\" data-element_type=\"container\" data-e-type=\"container\" data-settings=\"{&quot;background_background&quot;:&quot;classic&quot;}\">\n\t\t\t\t\t<div class=\"e-con-inner\">\n\t\t\t\t<div class=\"elementor-element elementor-element-616e26c6 elementor-widget elementor-widget-html\" data-id=\"616e26c6\" data-element_type=\"widget\" data-e-type=\"widget\" data-widget_type=\"html.default\">\n\t\t\t\t\t<div style=\"text-align: center; max-width: 800px; margin: 0 auto; padding: 0 20px;\">\r\n    <h1 class=\"fw-bold text-white\" style=\"font-family: 'Plus Jakarta Sans', sans-serif; font-size: 4rem; line-height: 1.1; letter-spacing: -1px; margin-bottom: 20px;\">\r\n        ENTREPRISE\r\n    <\/h1>\r\n    <h2 style=\"color: var(--wede-red); font-weight: 700; font-size: 1.5rem; text-transform: uppercase; margin-bottom: 30px;\">\r\n      Des \u00e9v\u00e9nements sportifs sur mesure pour f\u00e9d\u00e9rer, engager et valoriser vos \u00e9quipes.\r\n    <\/h2>\r\n    <div style=\"display: flex; gap: 20px; justify-content: center; flex-wrap: wrap;\">\r\n        <a href=\"mailto:contact.wedoevent@gmail.com\" class=\"btn-speed\">\r\n            <span>DEMANDER UN DEVIS<\/span>\r\n        <\/a>\r\n        <a href=\"https:\/\/youtube.com\/shorts\/xQ4xvlE25yM\" target=\"_blank\" class=\"btn-speed\" style=\"background-color: transparent; border: 2px solid white;\">\r\n            <span style=\"color: white;\">VOIR LA VID\u00c9O<\/span>\r\n        <\/a>\r\n    <\/div>\r\n<\/div>\t\t\t\t<\/div>\n\t\t\t\t\t<\/div>\n\t\t\t\t<\/div>\n\t\t<div class=\"elementor-element elementor-element-6ae82d8c e-flex e-con-boxed e-con e-parent\" data-id=\"6ae82d8c\" data-element_type=\"container\" data-e-type=\"container\" data-settings=\"{&quot;background_background&quot;:&quot;classic&quot;}\">\n\t\t\t\t\t<div class=\"e-con-inner\">\n\t\t<div class=\"elementor-element elementor-element-7e046b3e e-con-full e-flex e-con e-child\" data-id=\"7e046b3e\" data-element_type=\"container\" data-e-type=\"container\" data-settings=\"{&quot;background_background&quot;:&quot;classic&quot;}\">\n\t\t\t\t<div class=\"elementor-element elementor-element-4ce5e2e1 elementor-widget elementor-widget-heading\" data-id=\"4ce5e2e1\" data-element_type=\"widget\" data-e-type=\"widget\" data-widget_type=\"heading.default\">\n\t\t\t\t\t<h2 class=\"elementor-heading-title elementor-size-default\">introduction <\/h2>\t\t\t\t<\/div>\n\t\t\t\t<div class=\"elementor-element elementor-element-3f74f434 elementor-widget-divider--view-line elementor-widget elementor-widget-divider\" data-id=\"3f74f434\" data-element_type=\"widget\" data-e-type=\"widget\" data-widget_type=\"divider.default\">\n\t\t\t\t\t\t\t<div class=\"elementor-divider\">\n\t\t\t<span class=\"elementor-divider-separator\">\n\t\t\t\t\t\t<\/span>\n\t\t<\/div>\n\t\t\t\t\t\t<\/div>\n\t\t\t\t<div class=\"elementor-element elementor-element-20ee8a1b elementor-widget elementor-widget-text-editor\" data-id=\"20ee8a1b\" data-element_type=\"widget\" data-e-type=\"widget\" data-widget_type=\"text-editor.default\">\n\t\t\t\t\t\t\t\t\t<p>WE DO EVENTS accompagne les entreprises dans la conception et<br \/>l\u2019organisation d\u2019\u00e9v\u00e9nements sportifs et bien-\u00eatre adapt\u00e9s aux enjeux<br \/>de coh\u00e9sion, de qualit\u00e9 de vie au travail et d\u2019engagement des collaborateurs.<\/p><p>\u00c0 travers des formats innovants, accessibles et f\u00e9d\u00e9rateurs, nous cr\u00e9ons<br \/>des exp\u00e9riences sportives qui favorisent le bien-\u00eatre, le lien social<br \/>et la performance collective.<\/p><p>Nos \u00e9v\u00e9nements s\u2019adaptent \u00e0 vos objectifs, \u00e0 vos espaces et \u00e0 votre public,<br \/>qu\u2019il s\u2019agisse d\u2019un afterwork sportif, d\u2019un team building, d\u2019une animation<br \/>en magasin ou d\u2019un \u00e9v\u00e9nement interne de plus grande ampleur.<\/p>\t\t\t\t\t\t\t\t<\/div>\n\t\t\t\t<\/div>\n\t\t<div class=\"elementor-element elementor-element-3ceadd58 e-con-full e-flex e-con e-child\" data-id=\"3ceadd58\" data-element_type=\"container\" data-e-type=\"container\">\n\t\t\t\t<div class=\"elementor-element elementor-element-4872628f elementor-widget elementor-widget-heading\" data-id=\"4872628f\" data-element_type=\"widget\" data-e-type=\"widget\" data-widget_type=\"heading.default\">\n\t\t\t\t\t<h2 class=\"elementor-heading-title elementor-size-default\">Pourquoi organiser un events POUR VOTRE ENTREPRISE?<\/h2>\t\t\t\t<\/div>\n\t\t\t\t<div class=\"elementor-element elementor-element-48a6d52f elementor-widget-divider--view-line elementor-widget elementor-widget-divider\" data-id=\"48a6d52f\" data-element_type=\"widget\" data-e-type=\"widget\" data-widget_type=\"divider.default\">\n\t\t\t\t\t\t\t<div class=\"elementor-divider\">\n\t\t\t<span class=\"elementor-divider-separator\">\n\t\t\t\t\t\t<\/span>\n\t\t<\/div>\n\t\t\t\t\t\t<\/div>\n\t\t\t\t<div class=\"elementor-element elementor-element-7d7d7499 elementor-icon-list--layout-traditional elementor-list-item-link-full_width elementor-widget elementor-widget-icon-list\" data-id=\"7d7d7499\" data-element_type=\"widget\" data-e-type=\"widget\" data-widget_type=\"icon-list.default\">\n\t\t\t\t\t\t\t<ul class=\"elementor-icon-list-items\">\n\t\t\t\t\t\t\t<li class=\"elementor-icon-list-item\">\n\t\t\t\t\t\t\t\t\t\t\t<span class=\"elementor-icon-list-icon\">\n\t\t\t\t\t\t\t<svg aria-hidden=\"true\" class=\"e-font-icon-svg e-fas-check\" viewBox=\"0 0 512 512\" xmlns=\"http:\/\/www.w3.org\/2000\/svg\"><path d=\"M173.898 439.404l-166.4-166.4c-9.997-9.997-9.997-26.206 0-36.204l36.203-36.204c9.997-9.998 26.207-9.998 36.204 0L192 312.69 432.095 72.596c9.997-9.997 26.207-9.997 36.204 0l36.203 36.204c9.997 9.997 9.997 26.206 0 36.204l-294.4 294.401c-9.998 9.997-26.207 9.997-36.204-.001z\"><\/path><\/svg>\t\t\t\t\t\t<\/span>\n\t\t\t\t\t\t\t\t\t\t<span class=\"elementor-icon-list-text\">Renforcer la coh\u00e9sion et l\u2019esprit d\u2019\u00e9quipe<\/span>\n\t\t\t\t\t\t\t\t\t<\/li>\n\t\t\t\t\t\t\t\t<li class=\"elementor-icon-list-item\">\n\t\t\t\t\t\t\t\t\t\t\t<span class=\"elementor-icon-list-icon\">\n\t\t\t\t\t\t\t<svg aria-hidden=\"true\" class=\"e-font-icon-svg e-fas-check\" viewBox=\"0 0 512 512\" xmlns=\"http:\/\/www.w3.org\/2000\/svg\"><path d=\"M173.898 439.404l-166.4-166.4c-9.997-9.997-9.997-26.206 0-36.204l36.203-36.204c9.997-9.998 26.207-9.998 36.204 0L192 312.69 432.095 72.596c9.997-9.997 26.207-9.997 36.204 0l36.203 36.204c9.997 9.997 9.997 26.206 0 36.204l-294.4 294.401c-9.998 9.997-26.207 9.997-36.204-.001z\"><\/path><\/svg>\t\t\t\t\t\t<\/span>\n\t\t\t\t\t\t\t\t\t\t<span class=\"elementor-icon-list-text\">Am\u00e9liorer le bien-\u00eatre et la qualit\u00e9 de vie au travail<\/span>\n\t\t\t\t\t\t\t\t\t<\/li>\n\t\t\t\t\t\t\t\t<li class=\"elementor-icon-list-item\">\n\t\t\t\t\t\t\t\t\t\t\t<span class=\"elementor-icon-list-icon\">\n\t\t\t\t\t\t\t<svg aria-hidden=\"true\" class=\"e-font-icon-svg e-fas-check\" viewBox=\"0 0 512 512\" xmlns=\"http:\/\/www.w3.org\/2000\/svg\"><path d=\"M173.898 439.404l-166.4-166.4c-9.997-9.997-9.997-26.206 0-36.204l36.203-36.204c9.997-9.998 26.207-9.998 36.204 0L192 312.69 432.095 72.596c9.997-9.997 26.207-9.997 36.204 0l36.203 36.204c9.997 9.997 9.997 26.206 0 36.204l-294.4 294.401c-9.998 9.997-26.207 9.997-36.204-.001z\"><\/path><\/svg>\t\t\t\t\t\t<\/span>\n\t\t\t\t\t\t\t\t\t\t<span class=\"elementor-icon-list-text\">Proposer des moments f\u00e9d\u00e9rateurs et motivants<\/span>\n\t\t\t\t\t\t\t\t\t<\/li>\n\t\t\t\t\t\t\t\t<li class=\"elementor-icon-list-item\">\n\t\t\t\t\t\t\t\t\t\t\t<span class=\"elementor-icon-list-icon\">\n\t\t\t\t\t\t\t<svg aria-hidden=\"true\" class=\"e-font-icon-svg e-fas-check\" viewBox=\"0 0 512 512\" xmlns=\"http:\/\/www.w3.org\/2000\/svg\"><path d=\"M173.898 439.404l-166.4-166.4c-9.997-9.997-9.997-26.206 0-36.204l36.203-36.204c9.997-9.998 26.207-9.998 36.204 0L192 312.69 432.095 72.596c9.997-9.997 26.207-9.997 36.204 0l36.203 36.204c9.997 9.997 9.997 26.206 0 36.204l-294.4 294.401c-9.998 9.997-26.207 9.997-36.204-.001z\"><\/path><\/svg>\t\t\t\t\t\t<\/span>\n\t\t\t\t\t\t\t\t\t\t<span class=\"elementor-icon-list-text\">Cr\u00e9er des exp\u00e9riences positives et m\u00e9morables<\/span>\n\t\t\t\t\t\t\t\t\t<\/li>\n\t\t\t\t\t\t\t\t<li class=\"elementor-icon-list-item\">\n\t\t\t\t\t\t\t\t\t\t\t<span class=\"elementor-icon-list-icon\">\n\t\t\t\t\t\t\t<svg aria-hidden=\"true\" class=\"e-font-icon-svg e-fas-check\" viewBox=\"0 0 512 512\" xmlns=\"http:\/\/www.w3.org\/2000\/svg\"><path d=\"M173.898 439.404l-166.4-166.4c-9.997-9.997-9.997-26.206 0-36.204l36.203-36.204c9.997-9.998 26.207-9.998 36.204 0L192 312.69 432.095 72.596c9.997-9.997 26.207-9.997 36.204 0l36.203 36.204c9.997 9.997 9.997 26.206 0 36.204l-294.4 294.401c-9.998 9.997-26.207 9.997-36.204-.001z\"><\/path><\/svg>\t\t\t\t\t\t<\/span>\n\t\t\t\t\t\t\t\t\t\t<span class=\"elementor-icon-list-text\">Valoriser la marque employeur<\/span>\n\t\t\t\t\t\t\t\t\t<\/li>\n\t\t\t\t\t\t<\/ul>\n\t\t\t\t\t\t<\/div>\n\t\t\t\t<\/div>\n\t\t\t\t\t<\/div>\n\t\t\t\t<\/div>\n\t\t<div class=\"elementor-element elementor-element-64d578a3 e-flex e-con-boxed e-con e-parent\" data-id=\"64d578a3\" data-element_type=\"container\" data-e-type=\"container\">\n\t\t\t\t\t<div class=\"e-con-inner\">\n\t\t\t\t<div class=\"elementor-element elementor-element-2bef09f elementor-widget elementor-widget-html\" data-id=\"2bef09f\" data-element_type=\"widget\" data-e-type=\"widget\" data-widget_type=\"html.default\">\n\t\t\t\t\t<div style=\"text-align: center; margin-bottom: 3rem;\">\r\n    <h2 style=\"font-size: 2.5rem; font-weight: 800; color: white; margin-bottom: 1rem;\">NOS FORMATS SIGNATURES<\/h2>\r\n    <div style=\"width: 80px; height: 4px; background: linear-gradient(90deg, transparent, var(--wede-red), transparent); margin: 0 auto;\"><\/div>\r\n<\/div>\t\t\t\t<\/div>\n\t\t\t\t\t<\/div>\n\t\t\t\t<\/div>\n\t\t<div class=\"elementor-element elementor-element-6f6e4cca e-flex e-con-boxed e-con e-child\" data-id=\"6f6e4cca\" data-element_type=\"container\" data-e-type=\"container\">\n\t\t\t\t\t<div class=\"e-con-inner\">\n\t\t<div class=\"elementor-element elementor-element-6a9a73a9 e-con-full wede-visual-card e-flex e-con e-child\" data-id=\"6a9a73a9\" data-element_type=\"container\" data-e-type=\"container\">\n\t\t\t\t<div class=\"elementor-element elementor-element-2faf23c1 wede-visual-img elementor-widget elementor-widget-image\" data-id=\"2faf23c1\" data-element_type=\"widget\" data-e-type=\"widget\" data-widget_type=\"image.default\">\n\t\t\t\t\t\t\t\t\t\t\t\t\t\t\t<img decoding=\"async\" src=\"https:\/\/www.we-doevents.com\/wp-content\/uploads\/2026\/01\/stock-image-198406242-L.jpg\" title=\"woman zumba fitness exercises dancer dancing isolated silhouette\" alt=\"one caucasian woman zumba fitness exercises dancer dancing isolated in silhouette on white background\" loading=\"lazy\" \/>\t\t\t\t\t\t\t\t\t\t\t\t\t\t\t<\/div>\n\t\t<div class=\"elementor-element elementor-element-7e87d14a e-con-full e-flex e-con e-child\" data-id=\"7e87d14a\" data-element_type=\"container\" data-e-type=\"container\">\n\t\t\t\t<div class=\"elementor-element elementor-element-5ad093f4 elementor-widget elementor-widget-heading\" data-id=\"5ad093f4\" data-element_type=\"widget\" data-e-type=\"widget\" data-widget_type=\"heading.default\">\n\t\t\t\t\t<h2 class=\"elementor-heading-title elementor-size-default\"><a href=\"https:\/\/www.we-doevents.com\/index.php\/fitness-night\/\">FITNESS NIGHT<\/a><\/h2>\t\t\t\t<\/div>\n\t\t\t\t<div class=\"elementor-element elementor-element-641512c7 elementor-widget elementor-widget-text-editor\" data-id=\"641512c7\" data-element_type=\"widget\" data-e-type=\"widget\" data-widget_type=\"text-editor.default\">\n\t\t\t\t\t\t\t\t\t<p>Une soir\u00e9e immersive m\u00ealant fitness, musique et ambiance \u00e9v\u00e9nementielle.<br data-start=\"92\" data-end=\"95\" \/>Un moment festif et accessible \u00e0 tous pour bouger autrement.<\/p>\t\t\t\t\t\t\t\t<\/div>\n\t\t\t\t<div class=\"elementor-element elementor-element-1cf107d1 wede-action-text elementor-widget elementor-widget-heading\" data-id=\"1cf107d1\" data-element_type=\"widget\" data-e-type=\"widget\" data-widget_type=\"heading.default\">\n\t\t\t\t\t<h2 class=\"elementor-heading-title elementor-size-default\"><a href=\"https:\/\/www.we-doevents.com\/index.php\/fitness-night-2\/\">EN SAVOIR PLUS \u2192<\/a><\/h2>\t\t\t\t<\/div>\n\t\t\t\t<\/div>\n\t\t\t\t<\/div>\n\t\t<div class=\"elementor-element elementor-element-3da3c068 e-con-full wede-visual-card e-flex e-con e-child\" data-id=\"3da3c068\" data-element_type=\"container\" data-e-type=\"container\">\n\t\t\t\t<div class=\"elementor-element elementor-element-50f31b19 wede-visual-img elementor-widget elementor-widget-image\" data-id=\"50f31b19\" data-element_type=\"widget\" data-e-type=\"widget\" data-widget_type=\"image.default\">\n\t\t\t\t\t\t\t\t\t\t\t\t\t\t\t<img decoding=\"async\" src=\"https:\/\/www.we-doevents.com\/wp-content\/uploads\/2026\/01\/ChatGPT-Image-27-janv.-2026-00_33_46.png\" title=\"ChatGPT Image 27 janv. 2026, 00_33_46\" alt=\"ChatGPT Image 27 janv. 2026, 00_33_46\" loading=\"lazy\" \/>\t\t\t\t\t\t\t\t\t\t\t\t\t\t\t<\/div>\n\t\t<div class=\"elementor-element elementor-element-4cb847e8 e-con-full e-flex e-con e-child\" data-id=\"4cb847e8\" data-element_type=\"container\" data-e-type=\"container\">\n\t\t\t\t<div class=\"elementor-element elementor-element-5ea0d60c elementor-widget elementor-widget-heading\" data-id=\"5ea0d60c\" data-element_type=\"widget\" data-e-type=\"widget\" data-widget_type=\"heading.default\">\n\t\t\t\t\t<h2 class=\"elementor-heading-title elementor-size-default\"><a href=\"https:\/\/www.we-doevents.com\/index.php\/fitness-music-festival\/\">R JUMP FLUO PARTY<\/a><\/h2>\t\t\t\t<\/div>\n\t\t\t\t<div class=\"elementor-element elementor-element-12439cb5 elementor-widget elementor-widget-text-editor\" data-id=\"12439cb5\" data-element_type=\"widget\" data-e-type=\"widget\" data-widget_type=\"text-editor.default\">\n\t\t\t\t\t\t\t\t\t<p>Une exp\u00e9rience fun et immersive m\u00ealant corde \u00e0 sauter, musique et ambiance fluo.<br data-start=\"98\" data-end=\"101\" data-is-only-node=\"\" \/>Accessible \u00e0 tous, pour un moment sportif et festif.<\/p>\t\t\t\t\t\t\t\t<\/div>\n\t\t\t\t<div class=\"elementor-element elementor-element-7f73459a wede-action-text elementor-widget elementor-widget-heading\" data-id=\"7f73459a\" data-element_type=\"widget\" data-e-type=\"widget\" data-widget_type=\"heading.default\">\n\t\t\t\t\t<h2 class=\"elementor-heading-title elementor-size-default\"><a href=\"https:\/\/www.we-doevents.com\/index.php\/r-jump-fluo-party-2\/\">EN SAVOIR PLUS \u2192<\/a><\/h2>\t\t\t\t<\/div>\n\t\t\t\t<\/div>\n\t\t\t\t<\/div>\n\t\t<div class=\"elementor-element elementor-element-5fe5c4ef e-con-full wede-visual-card e-flex e-con e-child\" data-id=\"5fe5c4ef\" data-element_type=\"container\" data-e-type=\"container\">\n\t\t\t\t<div class=\"elementor-element elementor-element-6c65420a wede-visual-img elementor-widget elementor-widget-image\" data-id=\"6c65420a\" data-element_type=\"widget\" data-e-type=\"widget\" data-widget_type=\"image.default\">\n\t\t\t\t\t\t\t\t\t\t\t\t\t\t\t<img decoding=\"async\" src=\"https:\/\/www.we-doevents.com\/wp-content\/uploads\/2026\/01\/stock-image-735257876-L.jpg\" title=\"Boxer champion enjoying his victory on lights\" alt=\"Boxer champion enjoying his victory on lights and standing back to the camera, black studio background\" loading=\"lazy\" \/>\t\t\t\t\t\t\t\t\t\t\t\t\t\t\t<\/div>\n\t\t<div class=\"elementor-element elementor-element-561d6a2f e-con-full e-flex e-con e-child\" data-id=\"561d6a2f\" data-element_type=\"container\" data-e-type=\"container\">\n\t\t\t\t<div class=\"elementor-element elementor-element-3ca5d669 elementor-widget elementor-widget-heading\" data-id=\"3ca5d669\" data-element_type=\"widget\" data-e-type=\"widget\" data-widget_type=\"heading.default\">\n\t\t\t\t\t<h2 class=\"elementor-heading-title elementor-size-default\"><a href=\"https:\/\/www.we-doevents.com\/index.php\/jump-day\/\">BOXE AVEC UN CHAMPION<\/a><\/h2>\t\t\t\t<\/div>\n\t\t\t\t<div class=\"elementor-element elementor-element-3df2c1c2 elementor-widget elementor-widget-text-editor\" data-id=\"3df2c1c2\" data-element_type=\"widget\" data-e-type=\"widget\" data-widget_type=\"text-editor.default\">\n\t\t\t\t\t\t\t\t\t<p>D\u00e9couvrez la boxe aux c\u00f4t\u00e9s d\u2019un champion \u00e0 travers d\u00e9monstrations et initiations.<br data-start=\"265\" data-end=\"268\" data-is-only-node=\"\" \/>Un moment inspirant autour du d\u00e9passement de soi.<\/p>\t\t\t\t\t\t\t\t<\/div>\n\t\t\t\t<div class=\"elementor-element elementor-element-5e16a507 wede-action-text elementor-widget elementor-widget-heading\" data-id=\"5e16a507\" data-element_type=\"widget\" data-e-type=\"widget\" data-widget_type=\"heading.default\">\n\t\t\t\t\t<h2 class=\"elementor-heading-title elementor-size-default\"><a href=\"https:\/\/www.we-doevents.com\/index.php\/boxe-avec-un-champion-2\/\">EN SAVOIR PLUS \u2192<\/a><\/h2>\t\t\t\t<\/div>\n\t\t\t\t<\/div>\n\t\t\t\t<\/div>\n\t\t<div class=\"elementor-element elementor-element-694cb24 e-con-full wede-visual-card e-flex e-con e-child\" data-id=\"694cb24\" data-element_type=\"container\" data-e-type=\"container\">\n\t\t\t\t<div class=\"elementor-element elementor-element-1db265f2 wede-visual-img elementor-widget elementor-widget-image\" data-id=\"1db265f2\" data-element_type=\"widget\" data-e-type=\"widget\" data-widget_type=\"image.default\">\n\t\t\t\t\t\t\t\t\t\t\t\t\t\t\t<img decoding=\"async\" src=\"https:\/\/www.we-doevents.com\/wp-content\/uploads\/2026\/01\/264319440_l-scaled.jpg\" title=\"Fresh Healthy Eating Concept with Fitness Gear, Fruits, Salmon, and Nutritious Bowls on Rustic Wooden Table\" alt=\"Vibrant arrangement of healthy food featuring fruits, yogurt, and salmon, alongside fitness gear on a rustic wooden table, promoting wellness and nutrition.\" loading=\"lazy\" \/>\t\t\t\t\t\t\t\t\t\t\t\t\t\t\t<\/div>\n\t\t<div class=\"elementor-element elementor-element-7b7f5d34 e-con-full e-flex e-con e-child\" data-id=\"7b7f5d34\" data-element_type=\"container\" data-e-type=\"container\">\n\t\t\t\t<div class=\"elementor-element elementor-element-740e56d1 elementor-widget elementor-widget-heading\" data-id=\"740e56d1\" data-element_type=\"widget\" data-e-type=\"widget\" data-widget_type=\"heading.default\">\n\t\t\t\t\t<h2 class=\"elementor-heading-title elementor-size-default\"><a href=\"https:\/\/www.we-doevents.com\/index.php\/jump-day\/\">AFTERWORK FITNESS<\/a><\/h2>\t\t\t\t<\/div>\n\t\t\t\t<div class=\"elementor-element elementor-element-2bd306dd elementor-widget elementor-widget-text-editor\" data-id=\"2bd306dd\" data-element_type=\"widget\" data-e-type=\"widget\" data-widget_type=\"text-editor.default\">\n\t\t\t\t\t\t\t\t\t<p><strong>Afterwork Fitness<\/strong><br \/>Un moment sportif et convivial apr\u00e8s le travail, m\u00ealant fitness et bonne \u00e9nergie.<br \/>Id\u00e9al pour se d\u00e9penser, rel\u00e2cher la pression et partager un moment en \u00e9quipe.<\/p>\t\t\t\t\t\t\t\t<\/div>\n\t\t\t\t<div class=\"elementor-element elementor-element-1ddc580c wede-action-text elementor-widget elementor-widget-heading\" data-id=\"1ddc580c\" data-element_type=\"widget\" data-e-type=\"widget\" data-widget_type=\"heading.default\">\n\t\t\t\t\t<h2 class=\"elementor-heading-title elementor-size-default\"><a href=\"https:\/\/www.we-doevents.com\/index.php\/afterwork-fitness-2\/\">EN SAVOIR PLUS \u2192<\/a><\/h2>\t\t\t\t<\/div>\n\t\t\t\t<\/div>\n\t\t\t\t<\/div>\n\t\t\t\t\t<\/div>\n\t\t\t\t<\/div>\n\t\t<div class=\"elementor-element elementor-element-5cd175e1 e-flex e-con-boxed e-con e-parent\" data-id=\"5cd175e1\" data-element_type=\"container\" data-e-type=\"container\">\n\t\t\t\t\t<div class=\"e-con-inner\">\n\t\t<div class=\"elementor-element elementor-element-56933a7 e-con-full e-flex e-con e-child\" data-id=\"56933a7\" data-element_type=\"container\" data-e-type=\"container\">\n\t\t\t\t<div class=\"elementor-element elementor-element-16d8a8e elementor-widget elementor-widget-heading\" data-id=\"16d8a8e\" data-element_type=\"widget\" data-e-type=\"widget\" data-widget_type=\"heading.default\">\n\t\t\t\t\t<h2 class=\"elementor-heading-title elementor-size-default\">Vous souhaitez organisez un \u00e9v\u00e8nement pour votre entreprise  ?<\/h2>\t\t\t\t<\/div>\n\t\t\t\t<div class=\"elementor-element elementor-element-14d09a95 elementor-widget__width-initial elementor-widget elementor-widget-text-editor\" data-id=\"14d09a95\" data-element_type=\"widget\" data-e-type=\"widget\" data-widget_type=\"text-editor.default\">\n\t\t\t\t\t\t\t\t\t<p>Contactez nous pour concevoir un \u00e9v\u00e9nement sur mesure,<br \/>adapt\u00e9 \u00e0 vos \u00e9quipes, \u00e0 vos espaces et \u00e0 vos objectifs.<\/p>\t\t\t\t\t\t\t\t<\/div>\n\t\t\t\t<div class=\"elementor-element elementor-element-55409eb9 elementor-widget elementor-widget-html\" data-id=\"55409eb9\" data-element_type=\"widget\" data-e-type=\"widget\" data-widget_type=\"html.default\">\n\t\t\t\t\t<div style=\"text-align: center;\">\n    <a href=\"mailto:contact.wedoevent@gmail.com\" class=\"btn-speed\">\n        <span>CONTACT<\/span>\n    <\/a>\n<\/div>\t\t\t\t<\/div>\n\t\t\t\t<\/div>\n\t\t\t\t\t<\/div>\n\t\t\t\t<\/div>\n\t\t\t\t<\/div>\n\t\t","protected":false},"excerpt":{"rendered":"<p>ENTREPRISE Des \u00e9v\u00e9nements sportifs sur mesure pour f\u00e9d\u00e9rer, engager et valoriser vos \u00e9quipes. DEMANDER UN DEVIS VOIR LA VID\u00c9O introduction WE DO EVENTS accompagne les entreprises dans la conception etl\u2019organisation d\u2019\u00e9v\u00e9nements sportifs et bien-\u00eatre adapt\u00e9s aux enjeuxde coh\u00e9sion, de qualit\u00e9 de vie au travail et d\u2019engagement des collaborateurs. \u00c0 travers des formats innovants, accessibles et [&hellip;]<\/p>\n","protected":false},"author":1,"featured_media":0,"parent":0,"menu_order":0,"comment_status":"closed","ping_status":"closed","template":"","meta":{"footnotes":""},"class_list":["post-1790","page","type-page","status-publish","hentry"],"_links":{"self":[{"href":"https:\/\/www.we-doevents.com\/index.php\/wp-json\/wp\/v2\/pages\/1790","targetHints":{"allow":["GET"]}}],"collection":[{"href":"https:\/\/www.we-doevents.com\/index.php\/wp-json\/wp\/v2\/pages"}],"about":[{"href":"https:\/\/www.we-doevents.com\/index.php\/wp-json\/wp\/v2\/types\/page"}],"author":[{"embeddable":true,"href":"https:\/\/www.we-doevents.com\/index.php\/wp-json\/wp\/v2\/users\/1"}],"replies":[{"embeddable":true,"href":"https:\/\/www.we-doevents.com\/index.php\/wp-json\/wp\/v2\/comments?post=1790"}],"version-history":[{"count":35,"href":"https:\/\/www.we-doevents.com\/index.php\/wp-json\/wp\/v2\/pages\/1790\/revisions"}],"predecessor-version":[{"id":1922,"href":"https:\/\/www.we-doevents.com\/index.php\/wp-json\/wp\/v2\/pages\/1790\/revisions\/1922"}],"wp:attachment":[{"href":"https:\/\/www.we-doevents.com\/index.php\/wp-json\/wp\/v2\/media?parent=1790"}],"curies":[{"name":"wp","href":"https:\/\/api.w.org\/{rel}","templated":true}]}}