{"id":226,"date":"2026-01-07T17:13:43","date_gmt":"2026-01-07T17:13:43","guid":{"rendered":"https:\/\/www.we-doevents.com\/?page_id=226"},"modified":"2026-03-25T19:30:30","modified_gmt":"2026-03-25T19:30:30","slug":"fitness-music-festival","status":"publish","type":"page","link":"https:\/\/www.we-doevents.com\/index.php\/fitness-music-festival\/","title":{"rendered":"Fitness Music Festival"},"content":{"rendered":"\t\t<div data-elementor-type=\"wp-page\" data-elementor-id=\"226\" class=\"elementor elementor-226\">\n\t\t\t\t<div class=\"elementor-element elementor-element-f4e0220 e-flex e-con-boxed e-con e-parent\" data-id=\"f4e0220\" data-element_type=\"container\" data-e-type=\"container\" data-settings=\"{&quot;background_background&quot;:&quot;classic&quot;}\">\n\t\t\t\t\t<div class=\"e-con-inner\">\n\t\t\t\t<div class=\"elementor-element elementor-element-c425ab3 elementor-widget elementor-widget-html\" data-id=\"c425ab3\" data-element_type=\"widget\" data-e-type=\"widget\" data-widget_type=\"html.default\">\n\t\t\t\t\t<div style=\"text-align: center; max-width: 800px; margin: 0 auto; padding: 0 20px;\">\r\n    <h1 class=\"fw-bold text-white\" style=\"font-family: 'Plus Jakarta Sans', sans-serif; font-size: 4rem; line-height: 1.1; letter-spacing: -1px; margin-bottom: 20px;\">\r\n        FITNESS MUSIC FESTIVAL\r\n    <\/h1>\r\n    <h2 style=\"color: var(--wede-red); font-weight: 700; font-size: 1.5rem; text-transform: uppercase; margin-bottom: 30px;\">\r\n        La Journ\u00e9e EUROPeNNE CONTRE L'OBESITE\r\n    <\/h2>\r\n    <div style=\"display: flex; gap: 20px; justify-content: center; flex-wrap: wrap;\">\r\n        <a href=\"mailto:contact.wedoevent@gmail.com\" class=\"btn-speed\">\r\n            <span>DEMANDER UN DEVIS<\/span>\r\n        <\/a>\r\n       \r\n    <\/div>\r\n<\/div>\t\t\t\t<\/div>\n\t\t\t\t\t<\/div>\n\t\t\t\t<\/div>\n\t\t<div class=\"elementor-element elementor-element-a780f00 e-flex e-con-boxed e-con e-parent\" data-id=\"a780f00\" data-element_type=\"container\" data-e-type=\"container\">\n\t\t\t\t\t<div class=\"e-con-inner\">\n\t\t<div class=\"elementor-element elementor-element-976641a e-con-full e-flex e-con e-child\" data-id=\"976641a\" data-element_type=\"container\" data-e-type=\"container\">\n\t\t\t\t<div class=\"elementor-element elementor-element-552261a elementor-widget elementor-widget-html\" data-id=\"552261a\" data-element_type=\"widget\" data-e-type=\"widget\" data-widget_type=\"html.default\">\n\t\t\t\t\t<iframe src=\"https:\/\/www.facebook.com\/plugins\/video.php?height=314&href=https%3A%2F%2Fwww.facebook.com%2Ffitnessmusicfestival%2Fvideos%2F524696975016599%2F&show_text=false&width=560&t=0\" width=\"560\" height=\"314\" style=\"border:none;overflow:hidden\" scrolling=\"no\" frameborder=\"0\" allowfullscreen=\"true\" allow=\"autoplay; clipboard-write; encrypted-media; picture-in-picture; web-share\" allowFullScreen=\"true\"><\/iframe>\t\t\t\t<\/div>\n\t\t\t\t<\/div>\n\t\t<div class=\"elementor-element elementor-element-6256f2a e-con-full e-flex e-con e-child\" data-id=\"6256f2a\" data-element_type=\"container\" data-e-type=\"container\" data-settings=\"{&quot;background_background&quot;:&quot;classic&quot;}\">\n\t\t\t\t<div class=\"elementor-element elementor-element-c4416ce elementor-widget elementor-widget-heading\" data-id=\"c4416ce\" data-element_type=\"widget\" data-e-type=\"widget\" data-widget_type=\"heading.default\">\n\t\t\t\t\t<h2 class=\"elementor-heading-title elementor-size-default\">LE FESTIVAL<\/h2>\t\t\t\t<\/div>\n\t\t\t\t<div class=\"elementor-element elementor-element-5a718f5 elementor-widget-divider--view-line elementor-widget elementor-widget-divider\" data-id=\"5a718f5\" data-element_type=\"widget\" data-e-type=\"widget\" data-widget_type=\"divider.default\">\n\t\t\t\t\t\t\t<div class=\"elementor-divider\">\n\t\t\t<span class=\"elementor-divider-separator\">\n\t\t\t\t\t\t<\/span>\n\t\t<\/div>\n\t\t\t\t\t\t<\/div>\n\t\t\t\t<div class=\"elementor-element elementor-element-4868df1 elementor-widget elementor-widget-text-editor\" data-id=\"4868df1\" data-element_type=\"widget\" data-e-type=\"widget\" data-widget_type=\"text-editor.default\">\n\t\t\t\t\t\t\t\t\t<p data-start=\"512\" data-end=\"625\"><strong data-start=\"512\" data-end=\"538\">Fitness Music Festival<\/strong> est un \u00e9v\u00e9nement unique sur trois jours m\u00ealant fitness, musique et \u00e9nergie collective.<\/p><p data-start=\"627\" data-end=\"804\">Pens\u00e9 comme un v\u00e9ritable festival du mouvement, il propose une exp\u00e9rience immersive avec cours collectifs, performances sportives et ambiance musicale en plein c\u0153ur de la ville.<\/p><p data-start=\"806\" data-end=\"959\">Accessible \u00e0 tous, il rassemble sportifs, familles, entreprises et passionn\u00e9s autour d\u2019un objectif commun : <strong data-start=\"914\" data-end=\"958\">bouger, partager et se d\u00e9passer ensemble<\/strong>.<\/p>\t\t\t\t\t\t\t\t<\/div>\n\t\t\t\t<\/div>\n\t\t<div class=\"elementor-element elementor-element-46c99f6 e-con-full e-flex e-con e-child\" data-id=\"46c99f6\" data-element_type=\"container\" data-e-type=\"container\">\n\t\t\t\t<div class=\"elementor-element elementor-element-c4998a8 elementor-widget elementor-widget-text-editor\" data-id=\"c4998a8\" data-element_type=\"widget\" data-e-type=\"widget\" data-widget_type=\"text-editor.default\">\n\t\t\t\t\t\t\t\t\t<p data-start=\"526\" data-end=\"622\">Ce dispositif permet de <strong data-start=\"550\" data-end=\"581\">lever les freins financiers<\/strong> et de rendre le sport accessible \u00e0 tous.<\/p><p data-start=\"526\" data-end=\"622\">Concr\u00e8tement, la basket suspendue permet de :<\/p><p>Financer des licences sportives pour les enfants et les \u00e9tudiants<\/p><p>D\u00e9velopper des actions sport-sant\u00e9 favorisant le bien-\u00eatre et la pr\u00e9vention<\/p>\t\t\t\t\t\t\t\t<\/div>\n\t\t\t\t<\/div>\n\t\t<div class=\"elementor-element elementor-element-571666e e-con-full e-flex e-con e-child\" data-id=\"571666e\" data-element_type=\"container\" data-e-type=\"container\">\n\t\t\t\t<div class=\"elementor-element elementor-element-672b164 elementor-widget elementor-widget-text-editor\" data-id=\"672b164\" data-element_type=\"widget\" data-e-type=\"widget\" data-widget_type=\"text-editor.default\">\n\t\t\t\t\t\t\t\t\t<p>L\u2019\u00e9v\u00e9nement s\u2019inscrit notamment dans le cadre de la Journ\u00e9e europ\u00e9enne<br \/>contre l\u2019ob\u00e9sit\u00e9, avec pour objectif de sensibiliser \u00e0 l\u2019importance<br \/>de l\u2019activit\u00e9 physique, du bien-\u00eatre et de la pr\u00e9vention sant\u00e9.<\/p><p>Une partie des b\u00e9n\u00e9fices g\u00e9n\u00e9r\u00e9s par le Fitness Music Festival est revers\u00e9e<br \/>\u00e0 l\u2019association Sport &amp; Bien-\u00catre, qui \u0153uvre pour la lutte contre l\u2019ob\u00e9sit\u00e9<br \/>et le d\u00e9veloppement de l\u2019acc\u00e8s au sport pour tous. Ces actions permettent<br \/>notamment de financer le dispositif solidaire de la Basket Suspendue. <strong data-start=\"223\" data-end=\"246\">La Basket Suspendue<\/strong> est un dispositif solidaire inspir\u00e9 du principe du \u201ccaf\u00e9 suspendu\u201d.<\/p><p>Le principe est simple : des participants, entreprises ou partenaires financent \u00e0 l\u2019avance des acc\u00e8s au sport, qui sont ensuite redistribu\u00e9s \u00e0 des jeunes et des \u00e9tudiants n\u2019ayant pas les moyens de pratiquer.<\/p>\t\t\t\t\t\t\t\t<\/div>\n\t\t\t\t<\/div>\n\t\t\t\t\t<\/div>\n\t\t\t\t<\/div>\n\t\t<div class=\"elementor-element elementor-element-6d4a539 e-flex e-con-boxed e-con e-child\" data-id=\"6d4a539\" data-element_type=\"container\" data-e-type=\"container\">\n\t\t\t\t\t<div class=\"e-con-inner\">\n\t\t<div class=\"elementor-element elementor-element-5a56a73 e-con-full wede-visual-card e-flex e-con e-child\" data-id=\"5a56a73\" data-element_type=\"container\" data-e-type=\"container\">\n\t\t\t\t<div class=\"elementor-element elementor-element-f64af01 wede-visual-img elementor-widget elementor-widget-image\" data-id=\"f64af01\" data-element_type=\"widget\" data-e-type=\"widget\" data-widget_type=\"image.default\">\n\t\t\t\t\t\t\t\t\t\t\t\t\t\t\t<img fetchpriority=\"high\" decoding=\"async\" width=\"800\" height=\"534\" src=\"https:\/\/www.we-doevents.com\/wp-content\/uploads\/2026\/03\/ChatGPT-Image-15-mars-2026-18_57_08-1024x683.png\" class=\"attachment-large size-large wp-image-1676\" alt=\"\" srcset=\"https:\/\/www.we-doevents.com\/wp-content\/uploads\/2026\/03\/ChatGPT-Image-15-mars-2026-18_57_08-1024x683.png 1024w, https:\/\/www.we-doevents.com\/wp-content\/uploads\/2026\/03\/ChatGPT-Image-15-mars-2026-18_57_08-300x200.png 300w, https:\/\/www.we-doevents.com\/wp-content\/uploads\/2026\/03\/ChatGPT-Image-15-mars-2026-18_57_08-768x512.png 768w, https:\/\/www.we-doevents.com\/wp-content\/uploads\/2026\/03\/ChatGPT-Image-15-mars-2026-18_57_08.png 1536w\" sizes=\"(max-width: 800px) 100vw, 800px\" \/>\t\t\t\t\t\t\t\t\t\t\t\t\t\t\t<\/div>\n\t\t\t\t<div class=\"elementor-element elementor-element-2473591 elementor-widget elementor-widget-heading\" data-id=\"2473591\" data-element_type=\"widget\" data-e-type=\"widget\" data-widget_type=\"heading.default\">\n\t\t\t\t\t<h2 class=\"elementor-heading-title elementor-size-default\">OBJECTIF DE L'EVENTS<\/h2>\t\t\t\t<\/div>\n\t\t\t\t<div class=\"elementor-element elementor-element-a29d45a elementor-widget elementor-widget-text-editor\" data-id=\"a29d45a\" data-element_type=\"widget\" data-e-type=\"widget\" data-widget_type=\"text-editor.default\">\n\t\t\t\t\t\t\t\t\t<ul><li data-section-id=\"15v45cg\" data-start=\"81\" data-end=\"173\">Encourager la pratique sportive \u00e0 travers des formats ludiques, accessibles et inclusifs<\/li><li data-section-id=\"1ve2ig8\" data-start=\"174\" data-end=\"261\">Sensibiliser aux enjeux de sant\u00e9, de pr\u00e9vention et \u00e0 la lutte contre la s\u00e9dentarit\u00e9<\/li><li data-section-id=\"8g9tzc\" data-start=\"262\" data-end=\"334\">Cr\u00e9er un \u00e9v\u00e9nement f\u00e9d\u00e9rateur alliant sport, musique et convivialit\u00e9<\/li><li data-section-id=\"1cpzdr8\" data-start=\"335\" data-end=\"423\">Rassembler un large public autour d\u2019une exp\u00e9rience positive, dynamique et engageante<\/li><li data-section-id=\"bl83io\" data-start=\"424\" data-end=\"484\">Mettre en lumi\u00e8re la Journ\u00e9e europ\u00e9enne contre l\u2019ob\u00e9sit\u00e9<\/li><li data-section-id=\"1xbryqw\" data-start=\"485\" data-end=\"603\">G\u00e9n\u00e9rer des dons lors de l\u2019\u00e9v\u00e9nement pour financer <strong data-start=\"538\" data-end=\"561\">La Basket Suspendue<\/strong> et faciliter l\u2019acc\u00e8s au sport pour tous<\/li><\/ul>\t\t\t\t\t\t\t\t<\/div>\n\t\t\t\t<\/div>\n\t\t<div class=\"elementor-element elementor-element-de4255b e-con-full wede-visual-card e-flex e-con e-child\" data-id=\"de4255b\" data-element_type=\"container\" data-e-type=\"container\">\n\t\t\t\t<div class=\"elementor-element elementor-element-ebb8739 wede-visual-img elementor-widget elementor-widget-image\" data-id=\"ebb8739\" data-element_type=\"widget\" data-e-type=\"widget\" data-widget_type=\"image.default\">\n\t\t\t\t\t\t\t\t\t\t\t\t\t\t\t<img decoding=\"async\" width=\"800\" height=\"534\" src=\"https:\/\/www.we-doevents.com\/wp-content\/uploads\/2026\/03\/ChatGPT-Image-16-mars-2026-22_54_43-1024x683.png\" class=\"attachment-large size-large wp-image-1675\" alt=\"\" srcset=\"https:\/\/www.we-doevents.com\/wp-content\/uploads\/2026\/03\/ChatGPT-Image-16-mars-2026-22_54_43-1024x683.png 1024w, https:\/\/www.we-doevents.com\/wp-content\/uploads\/2026\/03\/ChatGPT-Image-16-mars-2026-22_54_43-300x200.png 300w, https:\/\/www.we-doevents.com\/wp-content\/uploads\/2026\/03\/ChatGPT-Image-16-mars-2026-22_54_43-768x512.png 768w, https:\/\/www.we-doevents.com\/wp-content\/uploads\/2026\/03\/ChatGPT-Image-16-mars-2026-22_54_43.png 1536w\" sizes=\"(max-width: 800px) 100vw, 800px\" \/>\t\t\t\t\t\t\t\t\t\t\t\t\t\t\t<\/div>\n\t\t\t\t<div class=\"elementor-element elementor-element-15d43a1 elementor-widget elementor-widget-heading\" data-id=\"15d43a1\" data-element_type=\"widget\" data-e-type=\"widget\" data-widget_type=\"heading.default\">\n\t\t\t\t\t<h2 class=\"elementor-heading-title elementor-size-default\">D\u00c9ROUL\u00c9 DU FESTIVAL<\/h2>\t\t\t\t<\/div>\n\t\t\t\t<div class=\"elementor-element elementor-element-d5d7717 elementor-widget elementor-widget-text-editor\" data-id=\"d5d7717\" data-element_type=\"widget\" data-e-type=\"widget\" data-widget_type=\"text-editor.default\">\n\t\t\t\t\t\t\t\t\t<p data-start=\"133\" data-end=\"168\">L\u2019\u00e9v\u00e9nement se d\u00e9roule comme suit :<\/p><ul data-start=\"170\" data-end=\"320\"><li data-section-id=\"1oib71z\" data-start=\"170\" data-end=\"209\">Plusieurs podiums &amp; espaces fitness<\/li><li data-section-id=\"125ndp9\" data-start=\"210\" data-end=\"241\">Cours collectifs en continu<\/li><li data-section-id=\"k7ykoo\" data-start=\"242\" data-end=\"268\">DJ &amp; ambiance festival<\/li><li data-section-id=\"vh7kx8\" data-start=\"269\" data-end=\"297\">Challenges et animations<\/li><li data-section-id=\"wnxci7\" data-start=\"298\" data-end=\"320\">Cl\u00f4ture conviviale<\/li><\/ul><p data-start=\"322\" data-end=\"403\"><strong data-start=\"322\" data-end=\"360\">Vendredi 22\u2013 Entreprises (QVT \/ RSE)<\/strong><br data-start=\"360\" data-end=\"363\" \/>R\u00e9serv\u00e9 aux entreprises et aux m\u00e9c\u00e8nes<\/p><p data-start=\"405\" data-end=\"453\"><strong data-start=\"405\" data-end=\"451\">Samedi 23 &amp; Dimanche 24 mai \u2013 Grand public (gratuit)<\/strong><\/p>\t\t\t\t\t\t\t\t<\/div>\n\t\t\t\t<\/div>\n\t\t<div class=\"elementor-element elementor-element-58791e5 e-con-full wede-visual-card e-flex e-con e-child\" data-id=\"58791e5\" data-element_type=\"container\" data-e-type=\"container\">\n\t\t\t\t<div class=\"elementor-element elementor-element-8ce7821 wede-visual-img elementor-widget elementor-widget-image\" data-id=\"8ce7821\" data-element_type=\"widget\" data-e-type=\"widget\" data-widget_type=\"image.default\">\n\t\t\t\t\t\t\t\t\t\t\t\t\t\t\t<img decoding=\"async\" width=\"800\" height=\"534\" src=\"https:\/\/www.we-doevents.com\/wp-content\/uploads\/2026\/03\/ChatGPT-Image-15-mars-2026-18_44_09-1024x683.png\" class=\"attachment-large size-large wp-image-1678\" alt=\"\" srcset=\"https:\/\/www.we-doevents.com\/wp-content\/uploads\/2026\/03\/ChatGPT-Image-15-mars-2026-18_44_09-1024x683.png 1024w, https:\/\/www.we-doevents.com\/wp-content\/uploads\/2026\/03\/ChatGPT-Image-15-mars-2026-18_44_09-300x200.png 300w, https:\/\/www.we-doevents.com\/wp-content\/uploads\/2026\/03\/ChatGPT-Image-15-mars-2026-18_44_09-768x512.png 768w, https:\/\/www.we-doevents.com\/wp-content\/uploads\/2026\/03\/ChatGPT-Image-15-mars-2026-18_44_09.png 1536w\" sizes=\"(max-width: 800px) 100vw, 800px\" \/>\t\t\t\t\t\t\t\t\t\t\t\t\t\t\t<\/div>\n\t\t\t\t<div class=\"elementor-element elementor-element-c497f8a elementor-widget elementor-widget-heading\" data-id=\"c497f8a\" data-element_type=\"widget\" data-e-type=\"widget\" data-widget_type=\"heading.default\">\n\t\t\t\t\t<h2 class=\"elementor-heading-title elementor-size-default\">PUBLICS CONCERNES<\/h2>\t\t\t\t<\/div>\n\t\t\t\t<div class=\"elementor-element elementor-element-2d24efe elementor-widget elementor-widget-text-editor\" data-id=\"2d24efe\" data-element_type=\"widget\" data-e-type=\"widget\" data-widget_type=\"text-editor.default\">\n\t\t\t\t\t\t\t\t\t<ul><li data-section-id=\"wln81f\" data-start=\"109\" data-end=\"137\">Grand public et familles<\/li><li data-section-id=\"ox0r3f\" data-start=\"138\" data-end=\"195\">Collectivit\u00e9s territoriales et institutions publiques<\/li><li data-section-id=\"1832sm1\" data-start=\"196\" data-end=\"250\">Entreprises engag\u00e9es dans des d\u00e9marches QVT et RSE<\/li><li data-section-id=\"adt5gx\" data-start=\"251\" data-end=\"300\">Acteurs du sport, de la sant\u00e9 et du bien-\u00eatre<\/li><\/ul><p dir=\"ltr\" style=\"line-height: 1.38; margin-top: 0pt; margin-bottom: 0pt;\" role=\"presentation\">\u00a0<\/p>\t\t\t\t\t\t\t\t<\/div>\n\t\t\t\t<\/div>\n\t\t\t\t\t<\/div>\n\t\t\t\t<\/div>\n\t\t<div class=\"elementor-element elementor-element-e6d1ccc e-flex e-con-boxed e-con e-parent\" data-id=\"e6d1ccc\" data-element_type=\"container\" data-e-type=\"container\" data-settings=\"{&quot;background_background&quot;:&quot;classic&quot;}\">\n\t\t\t\t\t<div class=\"e-con-inner\">\n\t\t\t\t<div class=\"elementor-element elementor-element-3fc8676 elementor-widget elementor-widget-heading\" data-id=\"3fc8676\" data-element_type=\"widget\" data-e-type=\"widget\" data-widget_type=\"heading.default\">\n\t\t\t\t\t<h2 class=\"elementor-heading-title elementor-size-default\">Vous souhaitez participer avec vos \u00e9quipes ou sponsoriser l\u2019\u00e9v\u00e9nement ?<\/h2>\t\t\t\t<\/div>\n\t\t\t\t<div class=\"elementor-element elementor-element-26ffa56 elementor-widget-divider--view-line elementor-widget elementor-widget-divider\" data-id=\"26ffa56\" data-element_type=\"widget\" data-e-type=\"widget\" data-widget_type=\"divider.default\">\n\t\t\t\t\t\t\t<div class=\"elementor-divider\">\n\t\t\t<span class=\"elementor-divider-separator\">\n\t\t\t\t\t\t<\/span>\n\t\t<\/div>\n\t\t\t\t\t\t<\/div>\n\t\t<div class=\"elementor-element elementor-element-8209029 e-con-full e-flex e-con e-child\" data-id=\"8209029\" data-element_type=\"container\" data-e-type=\"container\">\n\t\t\t\t<div class=\"elementor-element elementor-element-fa4142d elementor-position-inline-start elementor-widget__width-initial elementor-view-default elementor-mobile-position-block-start elementor-widget elementor-widget-icon-box\" data-id=\"fa4142d\" data-element_type=\"widget\" data-e-type=\"widget\" data-widget_type=\"icon-box.default\">\n\t\t\t\t\t\t\t<div class=\"elementor-icon-box-wrapper\">\n\n\t\t\t\t\t\t<div class=\"elementor-icon-box-icon\">\n\t\t\t\t<span  class=\"elementor-icon\">\n\t\t\t\t<svg aria-hidden=\"true\" class=\"e-font-icon-svg e-fas-ticket-alt\" viewBox=\"0 0 576 512\" xmlns=\"http:\/\/www.w3.org\/2000\/svg\"><path d=\"M128 160h320v192H128V160zm400 96c0 26.51 21.49 48 48 48v96c0 26.51-21.49 48-48 48H48c-26.51 0-48-21.49-48-48v-96c26.51 0 48-21.49 48-48s-21.49-48-48-48v-96c0-26.51 21.49-48 48-48h480c26.51 0 48 21.49 48 48v96c-26.51 0-48 21.49-48 48zm-48-104c0-13.255-10.745-24-24-24H120c-13.255 0-24 10.745-24 24v208c0 13.255 10.745 24 24 24h336c13.255 0 24-10.745 24-24V152z\"><\/path><\/svg>\t\t\t\t<\/span>\n\t\t\t<\/div>\n\t\t\t\n\t\t\t\t\t\t<div class=\"elementor-icon-box-content\">\n\n\t\t\t\t\t\t\t\t\t<h3 class=\"elementor-icon-box-title\">\n\t\t\t\t\t\t<span  >\n\t\t\t\t\t\t\tR\u00e9server votre place entreprise\t\t\t\t\t\t<\/span>\n\t\t\t\t\t<\/h3>\n\t\t\t\t\n\t\t\t\t\n\t\t\t<\/div>\n\t\t\t\n\t\t<\/div>\n\t\t\t\t\t\t<\/div>\n\t\t\t\t<div class=\"elementor-element elementor-element-4b5cf6a elementor-position-inline-start elementor-widget__width-initial elementor-view-default elementor-mobile-position-block-start elementor-widget elementor-widget-icon-box\" data-id=\"4b5cf6a\" data-element_type=\"widget\" data-e-type=\"widget\" data-widget_type=\"icon-box.default\">\n\t\t\t\t\t\t\t<div class=\"elementor-icon-box-wrapper\">\n\n\t\t\t\t\t\t<div class=\"elementor-icon-box-icon\">\n\t\t\t\t<span  class=\"elementor-icon\">\n\t\t\t\t<svg aria-hidden=\"true\" class=\"e-font-icon-svg e-fas-hands-helping\" viewBox=\"0 0 640 512\" xmlns=\"http:\/\/www.w3.org\/2000\/svg\"><path d=\"M488 192H336v56c0 39.7-32.3 72-72 72s-72-32.3-72-72V126.4l-64.9 39C107.8 176.9 96 197.8 96 220.2v47.3l-80 46.2C.7 322.5-4.6 342.1 4.3 357.4l80 138.6c8.8 15.3 28.4 20.5 43.7 11.7L231.4 448H368c35.3 0 64-28.7 64-64h16c17.7 0 32-14.3 32-32v-64h8c13.3 0 24-10.7 24-24v-48c0-13.3-10.7-24-24-24zm147.7-37.4L555.7 16C546.9.7 527.3-4.5 512 4.3L408.6 64H306.4c-12 0-23.7 3.4-33.9 9.7L239 94.6c-9.4 5.8-15 16.1-15 27.1V248c0 22.1 17.9 40 40 40s40-17.9 40-40v-88h184c30.9 0 56 25.1 56 56v28.5l80-46.2c15.3-8.9 20.5-28.4 11.7-43.7z\"><\/path><\/svg>\t\t\t\t<\/span>\n\t\t\t<\/div>\n\t\t\t\n\t\t\t\t\t\t<div class=\"elementor-icon-box-content\">\n\n\t\t\t\t\t\t\t\t\t<h3 class=\"elementor-icon-box-title\">\n\t\t\t\t\t\t<span  >\n\t\t\t\t\t\t\tDevenir sponsor du Fitness Music Festival\t\t\t\t\t\t<\/span>\n\t\t\t\t\t<\/h3>\n\t\t\t\t\n\t\t\t\t\n\t\t\t<\/div>\n\t\t\t\n\t\t<\/div>\n\t\t\t\t\t\t<\/div>\n\t\t\t\t<\/div>\n\t\t\t\t\t<\/div>\n\t\t\t\t<\/div>\n\t\t<div class=\"elementor-element elementor-element-60d4cdb e-flex e-con-boxed e-con e-parent\" data-id=\"60d4cdb\" data-element_type=\"container\" data-e-type=\"container\">\n\t\t\t\t\t<div class=\"e-con-inner\">\n\t\t<div class=\"elementor-element elementor-element-476a34f e-con-full e-flex e-con e-child\" data-id=\"476a34f\" data-element_type=\"container\" data-e-type=\"container\">\n\t\t\t\t<div class=\"elementor-element elementor-element-9593827 elementor-widget__width-initial elementor-widget elementor-widget-text-editor\" data-id=\"9593827\" data-element_type=\"widget\" data-e-type=\"widget\" data-widget_type=\"text-editor.default\">\n\t\t\t\t\t\t\t\t\t<p>Offrez \u00e0 vos collaborateurs une exp\u00e9rience unique alliant sport, bien-\u00eatre et coh\u00e9sion, tout en associant votre image \u00e0 un \u00e9v\u00e9nement \u00e0 fort impact social.<\/p>\t\t\t\t\t\t\t\t<\/div>\n\t\t\t\t<div class=\"elementor-element elementor-element-6df3715 elementor-widget elementor-widget-html\" data-id=\"6df3715\" data-element_type=\"widget\" data-e-type=\"widget\" data-widget_type=\"html.default\">\n\t\t\t\t\t<div style=\"text-align: center;\">\n    <a href=\"mailto:contact.wedoevent@gmail.com\" class=\"btn-speed\">\n        <span>CONTACT<\/span>\n    <\/a>\n<\/div>\t\t\t\t<\/div>\n\t\t\t\t<\/div>\n\t\t\t\t\t<\/div>\n\t\t\t\t<\/div>\n\t\t<div class=\"elementor-element elementor-element-f98d97b e-flex e-con-boxed e-con e-parent\" data-id=\"f98d97b\" data-element_type=\"container\" data-e-type=\"container\">\n\t\t\t\t\t<div class=\"e-con-inner\">\n\t\t\t\t<div class=\"elementor-element elementor-element-bb8807c elementor-shape-rounded elementor-grid-0 e-grid-align-center elementor-widget elementor-widget-social-icons\" data-id=\"bb8807c\" data-element_type=\"widget\" data-e-type=\"widget\" data-widget_type=\"social-icons.default\">\n\t\t\t\t\t\t\t<div class=\"elementor-social-icons-wrapper elementor-grid\" role=\"list\">\n\t\t\t\t\t\t\t<span class=\"elementor-grid-item\" role=\"listitem\">\n\t\t\t\t\t<a class=\"elementor-icon elementor-social-icon elementor-social-icon-facebook elementor-repeater-item-fab050a\" href=\"https:\/\/www.facebook.com\/fitnessmusicfestival\" target=\"_blank\">\n\t\t\t\t\t\t<span class=\"elementor-screen-only\">Facebook<\/span>\n\t\t\t\t\t\t<svg aria-hidden=\"true\" class=\"e-font-icon-svg e-fab-facebook\" viewBox=\"0 0 512 512\" xmlns=\"http:\/\/www.w3.org\/2000\/svg\"><path d=\"M504 256C504 119 393 8 256 8S8 119 8 256c0 123.78 90.69 226.38 209.25 245V327.69h-63V256h63v-54.64c0-62.15 37-96.48 93.67-96.48 27.14 0 55.52 4.84 55.52 4.84v61h-31.28c-30.8 0-40.41 19.12-40.41 38.73V256h68.78l-11 71.69h-57.78V501C413.31 482.38 504 379.78 504 256z\"><\/path><\/svg>\t\t\t\t\t<\/a>\n\t\t\t\t<\/span>\n\t\t\t\t\t\t\t<span class=\"elementor-grid-item\" role=\"listitem\">\n\t\t\t\t\t<a class=\"elementor-icon elementor-social-icon elementor-social-icon-instagram elementor-repeater-item-4f220c4\" href=\"https:\/\/www.instagram.com\/fitnessmusicfestival\/\" target=\"_blank\">\n\t\t\t\t\t\t<span class=\"elementor-screen-only\">Instagram<\/span>\n\t\t\t\t\t\t<svg aria-hidden=\"true\" class=\"e-font-icon-svg e-fab-instagram\" viewBox=\"0 0 448 512\" xmlns=\"http:\/\/www.w3.org\/2000\/svg\"><path d=\"M224.1 141c-63.6 0-114.9 51.3-114.9 114.9s51.3 114.9 114.9 114.9S339 319.5 339 255.9 287.7 141 224.1 141zm0 189.6c-41.1 0-74.7-33.5-74.7-74.7s33.5-74.7 74.7-74.7 74.7 33.5 74.7 74.7-33.6 74.7-74.7 74.7zm146.4-194.3c0 14.9-12 26.8-26.8 26.8-14.9 0-26.8-12-26.8-26.8s12-26.8 26.8-26.8 26.8 12 26.8 26.8zm76.1 27.2c-1.7-35.9-9.9-67.7-36.2-93.9-26.2-26.2-58-34.4-93.9-36.2-37-2.1-147.9-2.1-184.9 0-35.8 1.7-67.6 9.9-93.9 36.1s-34.4 58-36.2 93.9c-2.1 37-2.1 147.9 0 184.9 1.7 35.9 9.9 67.7 36.2 93.9s58 34.4 93.9 36.2c37 2.1 147.9 2.1 184.9 0 35.9-1.7 67.7-9.9 93.9-36.2 26.2-26.2 34.4-58 36.2-93.9 2.1-37 2.1-147.8 0-184.8zM398.8 388c-7.8 19.6-22.9 34.7-42.6 42.6-29.5 11.7-99.5 9-132.1 9s-102.7 2.6-132.1-9c-19.6-7.8-34.7-22.9-42.6-42.6-11.7-29.5-9-99.5-9-132.1s-2.6-102.7 9-132.1c7.8-19.6 22.9-34.7 42.6-42.6 29.5-11.7 99.5-9 132.1-9s102.7-2.6 132.1 9c19.6 7.8 34.7 22.9 42.6 42.6 11.7 29.5 9 99.5 9 132.1s2.7 102.7-9 132.1z\"><\/path><\/svg>\t\t\t\t\t<\/a>\n\t\t\t\t<\/span>\n\t\t\t\t\t<\/div>\n\t\t\t\t\t\t<\/div>\n\t\t\t\t\t<\/div>\n\t\t\t\t<\/div>\n\t\t\t\t<\/div>\n\t\t","protected":false},"excerpt":{"rendered":"<p>FITNESS MUSIC FESTIVAL La Journ\u00e9e EUROPeNNE CONTRE L&rsquo;OBESITE DEMANDER UN DEVIS LE FESTIVAL Fitness Music Festival est un \u00e9v\u00e9nement unique sur trois jours m\u00ealant fitness, musique et \u00e9nergie collective. Pens\u00e9 comme un v\u00e9ritable festival du mouvement, il propose une exp\u00e9rience immersive avec cours collectifs, performances sportives et ambiance musicale en plein c\u0153ur de la ville. [&hellip;]<\/p>\n","protected":false},"author":1,"featured_media":0,"parent":0,"menu_order":0,"comment_status":"closed","ping_status":"closed","template":"","meta":{"footnotes":""},"class_list":["post-226","page","type-page","status-publish","hentry"],"_links":{"self":[{"href":"https:\/\/www.we-doevents.com\/index.php\/wp-json\/wp\/v2\/pages\/226","targetHints":{"allow":["GET"]}}],"collection":[{"href":"https:\/\/www.we-doevents.com\/index.php\/wp-json\/wp\/v2\/pages"}],"about":[{"href":"https:\/\/www.we-doevents.com\/index.php\/wp-json\/wp\/v2\/types\/page"}],"author":[{"embeddable":true,"href":"https:\/\/www.we-doevents.com\/index.php\/wp-json\/wp\/v2\/users\/1"}],"replies":[{"embeddable":true,"href":"https:\/\/www.we-doevents.com\/index.php\/wp-json\/wp\/v2\/comments?post=226"}],"version-history":[{"count":82,"href":"https:\/\/www.we-doevents.com\/index.php\/wp-json\/wp\/v2\/pages\/226\/revisions"}],"predecessor-version":[{"id":2045,"href":"https:\/\/www.we-doevents.com\/index.php\/wp-json\/wp\/v2\/pages\/226\/revisions\/2045"}],"wp:attachment":[{"href":"https:\/\/www.we-doevents.com\/index.php\/wp-json\/wp\/v2\/media?parent=226"}],"curies":[{"name":"wp","href":"https:\/\/api.w.org\/{rel}","templated":true}]}}