{"id":39,"date":"2026-01-02T16:11:33","date_gmt":"2026-01-02T16:11:33","guid":{"rendered":"https:\/\/www.we-doevents.com\/?page_id=39"},"modified":"2026-03-23T22:06:24","modified_gmt":"2026-03-23T22:06:24","slug":"accueil","status":"publish","type":"page","link":"https:\/\/www.we-doevents.com\/","title":{"rendered":"Accueil"},"content":{"rendered":"\t\t<div data-elementor-type=\"wp-page\" data-elementor-id=\"39\" class=\"elementor elementor-39\">\n\t\t\t\t<div class=\"elementor-element elementor-element-89de633 e-con-full e-flex e-con e-parent\" data-id=\"89de633\" data-element_type=\"container\" data-e-type=\"container\">\n\t\t\t\t<div class=\"elementor-element elementor-element-248f571 elementor-widget elementor-widget-html\" data-id=\"248f571\" data-element_type=\"widget\" data-e-type=\"widget\" data-widget_type=\"html.default\">\n\t\t\t\t\t<section style=\"position: relative; display: flex; align-items: center; justify-content: center; text-align: center; height: 90vh; overflow: hidden; width: 100vw; margin-left: calc(-50vw + 50%);\">\r\n    \r\n    <div style=\"position: absolute; top: 0; left: 0; width: 100%; height: 100%; z-index: -2;\">\r\n        <img decoding=\"async\" src=\"https:\/\/www.we-doevents.com\/wp-content\/uploads\/2026\/01\/222296635_l-1536x861.jpg\" style=\"width: 100%; height: 100%; object-fit: cover; filter: brightness(0.5) contrast(1.1);\">\r\n    <\/div>\r\n    \r\n    <div style=\"position: absolute; top: 0; left: 0; width: 100%; height: 100%; background: radial-gradient(circle, rgba(0,0,0,0) 0%, rgba(0,0,0,0.9) 100%); z-index: -1;\"><\/div>\r\n\r\n    <div style=\"position: relative; z-index: 1; width: 100%; max-width: 1000px; padding: 0 20px;\">\r\n        \r\n        <div id=\"animation-container\" style=\"margin-bottom: 3rem;\">\r\n            <h1 class=\"hero-title fw-bold text-white\" style=\"font-size: 4.5rem; line-height: 1.3; letter-spacing: -2px; font-family: 'Plus Jakarta Sans', sans-serif;\">\r\n                <div style=\"display: block; min-height: 90px;\">\r\n                    <span id=\"line-1-text\"><\/span><span id=\"cursor\" class=\"cursor\">|<\/span>\r\n                <\/div>\r\n                <div id=\"impact-text\" style=\"display: block; opacity: 0; transform: scale(3);\">\r\n                    WE DO IMPACT.\r\n                <\/div>\r\n                <div id=\"events-text\" style=\"display: block; margin-top: 1rem; color: var(--wede-red); opacity: 0; transform: scale(0.8);\">\r\n                    WE DO EVENTS.\r\n                <\/div>\r\n            <\/h1>\r\n        <\/div>\r\n\r\n        <div id=\"final-content\" style=\"opacity: 0; margin-top: 3rem;\">\r\n            <p style=\"font-size: 1.5rem; color: rgba(255,255,255,0.75); margin-bottom: 3rem;\">\r\n                Cr\u00e9er, organiser et rassembler autour du sport et du bien-\u00eatre.\r\n            <\/p>\r\n            <a href=\"#contact\" class=\"btn-speed\">\r\n                <span>D\u00c9COUVRIR NOS FORMATS<\/span>\r\n            <\/a>\r\n        <\/div>\r\n        \r\n    <\/div>\r\n<\/section>\r\n\r\n<script>\r\ndocument.addEventListener('DOMContentLoaded', function() {\r\n    const textLine1 = \"WE DO SPORT.\";\r\n    const typingSpeed = 100;\r\n    const line1El = document.getElementById('line-1-text');\r\n    const cursorEl = document.getElementById('cursor');\r\n    const impactEl = document.getElementById('impact-text');\r\n    const eventsEl = document.getElementById('events-text');\r\n    const finalContent = document.getElementById('final-content');\r\n\r\n    function typeWriter(text, element, callback) {\r\n        let i = 0;\r\n        function type() {\r\n            if (i < text.length) {\r\n                element.innerHTML += text.charAt(i);\r\n                i++;\r\n                setTimeout(type, typingSpeed);\r\n            } else {\r\n                callback();\r\n            }\r\n        }\r\n        type();\r\n    }\r\n\r\n    typeWriter(textLine1, line1El, function() {\r\n        setTimeout(() => {\r\n            cursorEl.style.display = 'none';\r\n            impactEl.classList.add('impact-slam');\r\n            impactEl.style.animation = 'impact-slam 0.5s cubic-bezier(0.34, 1.56, 0.64, 1) forwards, red-flash 0.6s ease-out';\r\n            setTimeout(() => document.body.classList.add('shake-screen'), 300);\r\n            setTimeout(() => document.body.classList.remove('shake-screen'), 800);\r\n\r\n            setTimeout(() => {\r\n                eventsEl.classList.add('cinema-fade');\r\n                setTimeout(() => {\r\n                    finalContent.style.transition = 'opacity 2s ease-out';\r\n                    finalContent.style.opacity = '1';\r\n                }, 1000);\r\n            }, 1500);\r\n        }, 400);\r\n    });\r\n});\r\n<\/script>\t\t\t\t<\/div>\n\t\t\t\t<\/div>\n\t\t<div class=\"elementor-element elementor-element-0e3a818 e-flex e-con-boxed e-con e-parent\" data-id=\"0e3a818\" data-element_type=\"container\" data-e-type=\"container\" data-settings=\"{&quot;background_background&quot;:&quot;classic&quot;}\">\n\t\t\t\t\t<div class=\"e-con-inner\">\n\t\t\t\t<div class=\"elementor-element elementor-element-29c185f elementor-widget elementor-widget-html\" data-id=\"29c185f\" data-element_type=\"widget\" data-e-type=\"widget\" data-widget_type=\"html.default\">\n\t\t\t\t\t<div style=\"text-align: center; margin-bottom: 3rem;\">\r\n    <h2 style=\"font-size: 2.5rem; font-weight: 800; color: white; margin-bottom: 1rem;\">NOS FORMATS SIGNATURES<\/h2>\r\n    <div style=\"width: 80px; height: 4px; background: linear-gradient(90deg, transparent, var(--wede-red), transparent); margin: 0 auto;\"><\/div>\r\n<\/div>\t\t\t\t<\/div>\n\t\t<div class=\"elementor-element elementor-element-7d94ae6 e-con-full e-flex e-con e-child\" data-id=\"7d94ae6\" data-element_type=\"container\" data-e-type=\"container\">\n\t\t<div class=\"elementor-element elementor-element-c3ed0e3 e-con-full wede-visual-card e-flex e-con e-child\" data-id=\"c3ed0e3\" data-element_type=\"container\" data-e-type=\"container\">\n\t\t\t\t<div class=\"elementor-element elementor-element-1a42502 wede-visual-img elementor-widget elementor-widget-image\" data-id=\"1a42502\" data-element_type=\"widget\" data-e-type=\"widget\" data-widget_type=\"image.default\">\n\t\t\t\t\t\t\t\t\t\t\t\t\t\t\t<img decoding=\"async\" src=\"https:\/\/www.we-doevents.com\/wp-content\/uploads\/2026\/01\/stock-image-198406242-L.jpg\" title=\"woman zumba fitness exercises dancer dancing isolated silhouette\" alt=\"one caucasian woman zumba fitness exercises dancer dancing isolated in silhouette on white background\" loading=\"lazy\" \/>\t\t\t\t\t\t\t\t\t\t\t\t\t\t\t<\/div>\n\t\t<div class=\"elementor-element elementor-element-de54354 e-con-full e-flex e-con e-child\" data-id=\"de54354\" data-element_type=\"container\" data-e-type=\"container\">\n\t\t\t\t<div class=\"elementor-element elementor-element-42491e6 elementor-widget elementor-widget-heading\" data-id=\"42491e6\" data-element_type=\"widget\" data-e-type=\"widget\" data-widget_type=\"heading.default\">\n\t\t\t\t\t<h2 class=\"elementor-heading-title elementor-size-default\"><a href=\"https:\/\/www.we-doevents.com\/index.php\/fitness-night\/\">FITNESS NIGHT<\/a><\/h2>\t\t\t\t<\/div>\n\t\t\t\t<div class=\"elementor-element elementor-element-0a679f1 elementor-widget elementor-widget-text-editor\" data-id=\"0a679f1\" data-element_type=\"widget\" data-e-type=\"widget\" data-widget_type=\"text-editor.default\">\n\t\t\t\t\t\t\t\t\t<p>Une soir\u00e9e immersive m\u00ealant fitness, musique et ambiance \u00e9v\u00e9nementielle.<br data-start=\"92\" data-end=\"95\" \/>Un moment festif et accessible \u00e0 tous pour bouger autrement.<\/p>\t\t\t\t\t\t\t\t<\/div>\n\t\t\t\t<div class=\"elementor-element elementor-element-280b6e1 wede-action-text elementor-widget elementor-widget-heading\" data-id=\"280b6e1\" data-element_type=\"widget\" data-e-type=\"widget\" data-widget_type=\"heading.default\">\n\t\t\t\t\t<h2 class=\"elementor-heading-title elementor-size-default\"><a href=\"https:\/\/www.we-doevents.com\/index.php\/fitness-night-2\/\">EN SAVOIR PLUS \u2192<\/a><\/h2>\t\t\t\t<\/div>\n\t\t\t\t<\/div>\n\t\t\t\t<\/div>\n\t\t<div class=\"elementor-element elementor-element-0601ef1 e-con-full wede-visual-card e-flex e-con e-child\" data-id=\"0601ef1\" data-element_type=\"container\" data-e-type=\"container\">\n\t\t\t\t<div class=\"elementor-element elementor-element-065af48 wede-visual-img elementor-widget elementor-widget-image\" data-id=\"065af48\" data-element_type=\"widget\" data-e-type=\"widget\" data-widget_type=\"image.default\">\n\t\t\t\t\t\t\t\t\t\t\t\t\t\t\t<img decoding=\"async\" src=\"https:\/\/www.we-doevents.com\/wp-content\/uploads\/2026\/01\/Untitled-1-1-1.jpg\" title=\"Untitled-1 (1) (1)\" alt=\"Untitled-1 (1) (1)\" loading=\"lazy\" \/>\t\t\t\t\t\t\t\t\t\t\t\t\t\t\t<\/div>\n\t\t<div class=\"elementor-element elementor-element-475c2d9 e-con-full e-flex e-con e-child\" data-id=\"475c2d9\" data-element_type=\"container\" data-e-type=\"container\">\n\t\t\t\t<div class=\"elementor-element elementor-element-d526acf elementor-widget elementor-widget-heading\" data-id=\"d526acf\" data-element_type=\"widget\" data-e-type=\"widget\" data-widget_type=\"heading.default\">\n\t\t\t\t\t<h2 class=\"elementor-heading-title elementor-size-default\"><a href=\"https:\/\/www.we-doevents.com\/index.php\/fitness-music-festival\/\">FITNESS MUSIC FESTIVAL<\/a><\/h2>\t\t\t\t<\/div>\n\t\t\t\t<div class=\"elementor-element elementor-element-b2c3c1c elementor-widget elementor-widget-text-editor\" data-id=\"b2c3c1c\" data-element_type=\"widget\" data-e-type=\"widget\" data-widget_type=\"text-editor.default\">\n\t\t\t\t\t\t\t\t\t<p>Le mix parfait entre sport et festival live.<\/p><p>\u00a0<\/p>\t\t\t\t\t\t\t\t<\/div>\n\t\t\t\t<div class=\"elementor-element elementor-element-446cdac wede-action-text elementor-widget elementor-widget-heading\" data-id=\"446cdac\" data-element_type=\"widget\" data-e-type=\"widget\" data-widget_type=\"heading.default\">\n\t\t\t\t\t<h2 class=\"elementor-heading-title elementor-size-default\"><a href=\"https:\/\/www.we-doevents.com\/index.php\/fitness-music-festival\/\">EN SAVOIR PLUS \u2192<\/a><\/h2>\t\t\t\t<\/div>\n\t\t\t\t<\/div>\n\t\t\t\t<\/div>\n\t\t<div class=\"elementor-element elementor-element-09024ea e-con-full wede-visual-card e-flex e-con e-child\" data-id=\"09024ea\" data-element_type=\"container\" data-e-type=\"container\">\n\t\t\t\t<div class=\"elementor-element elementor-element-6980d66 wede-visual-img elementor-widget elementor-widget-image\" data-id=\"6980d66\" data-element_type=\"widget\" data-e-type=\"widget\" data-widget_type=\"image.default\">\n\t\t\t\t\t\t\t\t\t\t\t\t\t\t\t<img decoding=\"async\" src=\"https:\/\/www.we-doevents.com\/wp-content\/uploads\/2026\/01\/Copie-de-46923396_hiweb.jpg\" title=\"Copie de 46923396_hiweb\" alt=\"46923396 - one caucasian woman exercising  jumping rope fitness in studio silhouette isolated on white background\" loading=\"lazy\" \/>\t\t\t\t\t\t\t\t\t\t\t\t\t\t\t<\/div>\n\t\t<div class=\"elementor-element elementor-element-8484823 e-con-full e-flex e-con e-child\" data-id=\"8484823\" data-element_type=\"container\" data-e-type=\"container\">\n\t\t\t\t<div class=\"elementor-element elementor-element-49a7c1a elementor-widget elementor-widget-heading\" data-id=\"49a7c1a\" data-element_type=\"widget\" data-e-type=\"widget\" data-widget_type=\"heading.default\">\n\t\t\t\t\t<h2 class=\"elementor-heading-title elementor-size-default\"><a href=\"https:\/\/www.we-doevents.com\/index.php\/jump-day\/\">JUMP DAY<\/a><\/h2>\t\t\t\t<\/div>\n\t\t\t\t<div class=\"elementor-element elementor-element-207d5d3 elementor-widget elementor-widget-text-editor\" data-id=\"207d5d3\" data-element_type=\"widget\" data-e-type=\"widget\" data-widget_type=\"text-editor.default\">\n\t\t\t\t\t\t\t\t\t<p>Une journ\u00e9e d\u00e9di\u00e9e \u00e0 la corde \u00e0 sauter avec ateliers et animations pour tous.<br data-start=\"411\" data-end=\"414\" data-is-only-node=\"\" \/>Un \u00e9v\u00e9nement ludique pour bouger et s\u2019amuser<\/p>\t\t\t\t\t\t\t\t<\/div>\n\t\t\t\t<div class=\"elementor-element elementor-element-87ae8f1 wede-action-text elementor-widget elementor-widget-heading\" data-id=\"87ae8f1\" data-element_type=\"widget\" data-e-type=\"widget\" data-widget_type=\"heading.default\">\n\t\t\t\t\t<h2 class=\"elementor-heading-title elementor-size-default\"><a href=\"https:\/\/www.we-doevents.com\/index.php\/jump-day\/\">EN SAVOIR PLUS \u2192<\/a><\/h2>\t\t\t\t<\/div>\n\t\t\t\t<\/div>\n\t\t\t\t<\/div>\n\t\t<div class=\"elementor-element elementor-element-ba45467 e-con-full wede-visual-card e-flex e-con e-child\" data-id=\"ba45467\" data-element_type=\"container\" data-e-type=\"container\">\n\t\t\t\t<div class=\"elementor-element elementor-element-06bc1e0 wede-visual-img elementor-widget elementor-widget-image\" data-id=\"06bc1e0\" data-element_type=\"widget\" data-e-type=\"widget\" data-widget_type=\"image.default\">\n\t\t\t\t\t\t\t\t\t\t\t\t\t\t\t<img decoding=\"async\" src=\"https:\/\/www.we-doevents.com\/wp-content\/uploads\/2026\/01\/ChatGPT-Image-27-janv.-2026-00_33_46.png\" title=\"ChatGPT Image 27 janv. 2026, 00_33_46\" alt=\"ChatGPT Image 27 janv. 2026, 00_33_46\" loading=\"lazy\" \/>\t\t\t\t\t\t\t\t\t\t\t\t\t\t\t<\/div>\n\t\t<div class=\"elementor-element elementor-element-7797064 e-con-full e-flex e-con e-child\" data-id=\"7797064\" data-element_type=\"container\" data-e-type=\"container\">\n\t\t\t\t<div class=\"elementor-element elementor-element-c226cd5 elementor-widget elementor-widget-heading\" data-id=\"c226cd5\" data-element_type=\"widget\" data-e-type=\"widget\" data-widget_type=\"heading.default\">\n\t\t\t\t\t<h2 class=\"elementor-heading-title elementor-size-default\"><a href=\"https:\/\/www.we-doevents.com\/index.php\/jump-day\/\">R JUMP FLUO PARTY<\/a><\/h2>\t\t\t\t<\/div>\n\t\t\t\t<div class=\"elementor-element elementor-element-5ed902c elementor-widget elementor-widget-text-editor\" data-id=\"5ed902c\" data-element_type=\"widget\" data-e-type=\"widget\" data-widget_type=\"text-editor.default\">\n\t\t\t\t\t\t\t\t\t<p>Une exp\u00e9rience fun et immersive m\u00ealant corde \u00e0 sauter, musique et ambiance fluo.<br data-start=\"98\" data-end=\"101\" data-is-only-node=\"\" \/>Accessible \u00e0 tous, pour un moment sportif et festif.<\/p>\t\t\t\t\t\t\t\t<\/div>\n\t\t\t\t<div class=\"elementor-element elementor-element-228854f wede-action-text elementor-widget elementor-widget-heading\" data-id=\"228854f\" data-element_type=\"widget\" data-e-type=\"widget\" data-widget_type=\"heading.default\">\n\t\t\t\t\t<h2 class=\"elementor-heading-title elementor-size-default\"><a href=\"https:\/\/www.we-doevents.com\/index.php\/r-jump-fluo-party-2\/\">EN SAVOIR PLUS \u2192<\/a><\/h2>\t\t\t\t<\/div>\n\t\t\t\t<\/div>\n\t\t\t\t<\/div>\n\t\t\t\t<\/div>\n\t\t\t\t\t<\/div>\n\t\t\t\t<\/div>\n\t\t<div class=\"elementor-element elementor-element-c317dc2 e-flex e-con-boxed e-con e-parent\" data-id=\"c317dc2\" data-element_type=\"container\" data-e-type=\"container\" data-settings=\"{&quot;background_background&quot;:&quot;classic&quot;}\">\n\t\t\t\t\t<div class=\"e-con-inner\">\n\t\t\t\t<div class=\"elementor-element elementor-element-0bce54a elementor-widget elementor-widget-heading\" data-id=\"0bce54a\" data-element_type=\"widget\" data-e-type=\"widget\" data-widget_type=\"heading.default\">\n\t\t\t\t\t<h2 class=\"elementor-heading-title elementor-size-default\">ILS NOUS FONT CONFIANCE<\/h2>\t\t\t\t<\/div>\n\t\t<div class=\"elementor-element elementor-element-a8e6faf e-con-full e-flex e-con e-child\" data-id=\"a8e6faf\" data-element_type=\"container\" data-e-type=\"container\">\n\t\t\t\t<div class=\"elementor-element elementor-element-cf5a714 elementor-widget__width-initial wede-logo-partner elementor-widget elementor-widget-image\" data-id=\"cf5a714\" data-element_type=\"widget\" data-e-type=\"widget\" data-widget_type=\"image.default\">\n\t\t\t\t\t\t\t\t\t\t\t\t\t\t\t<img fetchpriority=\"high\" decoding=\"async\" width=\"800\" height=\"431\" src=\"https:\/\/www.we-doevents.com\/wp-content\/uploads\/2026\/01\/Logo_galeries_lafayette.jpg\" class=\"attachment-large size-large wp-image-114\" alt=\"\" srcset=\"https:\/\/www.we-doevents.com\/wp-content\/uploads\/2026\/01\/Logo_galeries_lafayette.jpg 1024w, https:\/\/www.we-doevents.com\/wp-content\/uploads\/2026\/01\/Logo_galeries_lafayette-300x162.jpg 300w, https:\/\/www.we-doevents.com\/wp-content\/uploads\/2026\/01\/Logo_galeries_lafayette-768x414.jpg 768w\" sizes=\"(max-width: 800px) 100vw, 800px\" \/>\t\t\t\t\t\t\t\t\t\t\t\t\t\t\t<\/div>\n\t\t\t\t<div class=\"elementor-element elementor-element-90dcb77 elementor-widget__width-initial wede-logo-partner elementor-widget elementor-widget-image\" data-id=\"90dcb77\" data-element_type=\"widget\" data-e-type=\"widget\" data-widget_type=\"image.default\">\n\t\t\t\t\t\t\t\t\t\t\t\t\t\t\t<img decoding=\"async\" width=\"650\" height=\"366\" src=\"https:\/\/www.we-doevents.com\/wp-content\/uploads\/2026\/01\/Decathlon-Logo-650x366-1.png\" class=\"attachment-large size-large wp-image-110\" alt=\"\" srcset=\"https:\/\/www.we-doevents.com\/wp-content\/uploads\/2026\/01\/Decathlon-Logo-650x366-1.png 650w, https:\/\/www.we-doevents.com\/wp-content\/uploads\/2026\/01\/Decathlon-Logo-650x366-1-300x169.png 300w\" sizes=\"(max-width: 650px) 100vw, 650px\" \/>\t\t\t\t\t\t\t\t\t\t\t\t\t\t\t<\/div>\n\t\t\t\t<div class=\"elementor-element elementor-element-6cc61ca elementor-widget__width-initial wede-logo-partner elementor-widget elementor-widget-image\" data-id=\"6cc61ca\" data-element_type=\"widget\" data-e-type=\"widget\" data-widget_type=\"image.default\">\n\t\t\t\t\t\t\t\t\t\t\t\t\t\t\t<img decoding=\"async\" width=\"500\" height=\"500\" src=\"https:\/\/www.we-doevents.com\/wp-content\/uploads\/2026\/01\/logo-la-parisienne-500x500-1.webp\" class=\"attachment-large size-large wp-image-113\" alt=\"\" srcset=\"https:\/\/www.we-doevents.com\/wp-content\/uploads\/2026\/01\/logo-la-parisienne-500x500-1.webp 500w, https:\/\/www.we-doevents.com\/wp-content\/uploads\/2026\/01\/logo-la-parisienne-500x500-1-300x300.webp 300w, https:\/\/www.we-doevents.com\/wp-content\/uploads\/2026\/01\/logo-la-parisienne-500x500-1-150x150.webp 150w\" sizes=\"(max-width: 500px) 100vw, 500px\" \/>\t\t\t\t\t\t\t\t\t\t\t\t\t\t\t<\/div>\n\t\t\t\t<\/div>\n\t\t\t\t\t<\/div>\n\t\t\t\t<\/div>\n\t\t<div class=\"elementor-element elementor-element-643b6d1 e-flex e-con-boxed e-con e-parent\" data-id=\"643b6d1\" data-element_type=\"container\" data-e-type=\"container\" data-settings=\"{&quot;background_background&quot;:&quot;gradient&quot;}\">\n\t\t\t\t\t<div class=\"e-con-inner\">\n\t\t\t\t<div class=\"elementor-element elementor-element-f187dd5 elementor-widget elementor-widget-heading\" data-id=\"f187dd5\" data-element_type=\"widget\" data-e-type=\"widget\" data-widget_type=\"heading.default\">\n\t\t\t\t\t<h2 class=\"elementor-heading-title elementor-size-default\">VOUS AVEZ UN PROJET ?<\/h2>\t\t\t\t<\/div>\n\t\t\t\t<div class=\"elementor-element elementor-element-cf2a0c1 elementor-widget elementor-widget-text-editor\" data-id=\"cf2a0c1\" data-element_type=\"widget\" data-e-type=\"widget\" data-widget_type=\"text-editor.default\">\n\t\t\t\t\t\t\t\t\t<p>Transformons votre vision en un \u00e9v\u00e9nement impactant.<\/p>\t\t\t\t\t\t\t\t<\/div>\n\t\t\t\t<div class=\"elementor-element elementor-element-85a8c4a elementor-widget elementor-widget-html\" data-id=\"85a8c4a\" data-element_type=\"widget\" data-e-type=\"widget\" data-widget_type=\"html.default\">\n\t\t\t\t\t<div style=\"text-align: center;\">\r\n    <a href=\"\/contact\" class=\"btn-speed\">\r\n        <span>DEMANDEZ UN DEVIS<\/span>\r\n    <\/a>\r\n<\/div>\t\t\t\t<\/div>\n\t\t\t\t\t<\/div>\n\t\t\t\t<\/div>\n\t\t\t\t<\/div>\n\t\t","protected":false},"excerpt":{"rendered":"<p>| WE DO IMPACT. WE DO EVENTS. Cr\u00e9er, organiser et rassembler autour du sport et du bien-\u00eatre. D\u00c9COUVRIR NOS FORMATS NOS FORMATS SIGNATURES FITNESS NIGHT Une soir\u00e9e immersive m\u00ealant fitness, musique et ambiance \u00e9v\u00e9nementielle.Un moment festif et accessible \u00e0 tous pour bouger autrement. EN SAVOIR PLUS \u2192 FITNESS MUSIC FESTIVAL Le mix parfait entre sport [&hellip;]<\/p>\n","protected":false},"author":1,"featured_media":90,"parent":0,"menu_order":0,"comment_status":"closed","ping_status":"closed","template":"elementor_header_footer","meta":{"footnotes":""},"class_list":["post-39","page","type-page","status-publish","has-post-thumbnail","hentry"],"_links":{"self":[{"href":"https:\/\/www.we-doevents.com\/index.php\/wp-json\/wp\/v2\/pages\/39","targetHints":{"allow":["GET"]}}],"collection":[{"href":"https:\/\/www.we-doevents.com\/index.php\/wp-json\/wp\/v2\/pages"}],"about":[{"href":"https:\/\/www.we-doevents.com\/index.php\/wp-json\/wp\/v2\/types\/page"}],"author":[{"embeddable":true,"href":"https:\/\/www.we-doevents.com\/index.php\/wp-json\/wp\/v2\/users\/1"}],"replies":[{"embeddable":true,"href":"https:\/\/www.we-doevents.com\/index.php\/wp-json\/wp\/v2\/comments?post=39"}],"version-history":[{"count":250,"href":"https:\/\/www.we-doevents.com\/index.php\/wp-json\/wp\/v2\/pages\/39\/revisions"}],"predecessor-version":[{"id":1819,"href":"https:\/\/www.we-doevents.com\/index.php\/wp-json\/wp\/v2\/pages\/39\/revisions\/1819"}],"wp:featuredmedia":[{"embeddable":true,"href":"https:\/\/www.we-doevents.com\/index.php\/wp-json\/wp\/v2\/media\/90"}],"wp:attachment":[{"href":"https:\/\/www.we-doevents.com\/index.php\/wp-json\/wp\/v2\/media?parent=39"}],"curies":[{"name":"wp","href":"https:\/\/api.w.org\/{rel}","templated":true}]}}