{"id":41,"date":"2026-01-02T16:12:05","date_gmt":"2026-01-02T16:12:05","guid":{"rendered":"https:\/\/www.we-doevents.com\/?page_id=41"},"modified":"2026-01-07T17:31:20","modified_gmt":"2026-01-07T17:31:20","slug":"nos-evenements","status":"publish","type":"page","link":"https:\/\/www.we-doevents.com\/index.php\/nos-evenements\/","title":{"rendered":"Nos \u00e9v\u00e8nements"},"content":{"rendered":"\t\t<div data-elementor-type=\"wp-page\" data-elementor-id=\"41\" class=\"elementor elementor-41\">\n\t\t\t\t<div class=\"elementor-element elementor-element-2d1d775 e-flex e-con-boxed e-con e-parent\" data-id=\"2d1d775\" data-element_type=\"container\" data-e-type=\"container\" data-settings=\"{&quot;background_background&quot;:&quot;classic&quot;}\">\n\t\t\t\t\t<div class=\"e-con-inner\">\n\t\t\t\t<div class=\"elementor-element elementor-element-fd5ec66 elementor-widget elementor-widget-heading\" data-id=\"fd5ec66\" data-element_type=\"widget\" data-e-type=\"widget\" data-widget_type=\"heading.default\">\n\t\t\t\t\t<h1 class=\"elementor-heading-title elementor-size-default\"><br><br><br>Nos \u00e9v\u00e9nements <br>sportifs &amp; solidaires<\/h1>\t\t\t\t<\/div>\n\t\t\t\t<div class=\"elementor-element elementor-element-6aefadb elementor-widget elementor-widget-text-editor\" data-id=\"6aefadb\" data-element_type=\"widget\" data-e-type=\"widget\" data-widget_type=\"text-editor.default\">\n\t\t\t\t\t\t\t\t\t<p>WE DO EVENTS con\u00e7oit et produit des \u00e9v\u00e9nements sportifs,<br \/>bien-\u00eatre et solidaires, adapt\u00e9s aux territoires,<br \/>aux entreprises et aux institutions.<\/p>\t\t\t\t\t\t\t\t<\/div>\n\t\t\t\t\t<\/div>\n\t\t\t\t<\/div>\n\t\t<div class=\"elementor-element elementor-element-03bf24b e-flex e-con-boxed e-con e-parent\" data-id=\"03bf24b\" data-element_type=\"container\" data-e-type=\"container\">\n\t\t\t\t\t<div class=\"e-con-inner\">\n\t\t<div class=\"elementor-element elementor-element-5bef2ea e-con-full e-flex e-con e-child\" data-id=\"5bef2ea\" data-element_type=\"container\" data-e-type=\"container\">\n\t\t\t\t<\/div>\n\t\t<div class=\"elementor-element elementor-element-f33cd15 e-con-full e-flex e-con e-child\" data-id=\"f33cd15\" data-element_type=\"container\" data-e-type=\"container\">\n\t\t\t\t<div class=\"elementor-element elementor-element-224a5a3 elementor-widget elementor-widget-heading\" data-id=\"224a5a3\" data-element_type=\"widget\" data-e-type=\"widget\" data-widget_type=\"heading.default\">\n\t\t\t\t\t<h3 class=\"elementor-heading-title elementor-size-default\">Jump Day<\/h3>\t\t\t\t<\/div>\n\t\t\t\t<div class=\"elementor-element elementor-element-76e346c elementor-widget elementor-widget-text-editor\" data-id=\"76e346c\" data-element_type=\"widget\" data-e-type=\"widget\" data-widget_type=\"text-editor.default\">\n\t\t\t\t\t\t\t\t\t<p>Jump Day est un \u00e9v\u00e9nement sportif et festif autour de la corde \u00e0 sauter, accessible \u00e0 tous.Une journ\u00e9e qui rassemble petits et grands autour du mouvement, du plaisir de bouger et du lien social.<\/p>\t\t\t\t\t\t\t\t<\/div>\n\t\t\t\t<div class=\"elementor-element elementor-element-76da57a elementor-widget elementor-widget-button\" data-id=\"76da57a\" data-element_type=\"widget\" data-e-type=\"widget\" data-widget_type=\"button.default\">\n\t\t\t\t\t\t\t\t\t\t<a class=\"elementor-button elementor-button-link elementor-size-sm\" href=\"https:\/\/www.we-doevents.com\/index.php\/jump-day\/\">\n\t\t\t\t\t\t<span class=\"elementor-button-content-wrapper\">\n\t\t\t\t\t\t\t\t\t<span class=\"elementor-button-text\">Cliquez ici<\/span>\n\t\t\t\t\t<\/span>\n\t\t\t\t\t<\/a>\n\t\t\t\t\t\t\t\t<\/div>\n\t\t\t\t<\/div>\n\t\t<div class=\"elementor-element elementor-element-cf40b0c e-con-full e-flex e-con e-child\" data-id=\"cf40b0c\" data-element_type=\"container\" data-e-type=\"container\">\n\t\t\t\t<div class=\"elementor-element elementor-element-970f074 elementor-widget elementor-widget-heading\" data-id=\"970f074\" data-element_type=\"widget\" data-e-type=\"widget\" data-widget_type=\"heading.default\">\n\t\t\t\t\t<h3 class=\"elementor-heading-title elementor-size-default\">Fitness Music Festival<\/h3>\t\t\t\t<\/div>\n\t\t\t\t<div class=\"elementor-element elementor-element-556fd11 elementor-widget elementor-widget-text-editor\" data-id=\"556fd11\" data-element_type=\"widget\" data-e-type=\"widget\" data-widget_type=\"text-editor.default\">\n\t\t\t\t\t\t\t\t\t<p>Fitness Music Festival est un \u00e9v\u00e9nement qui r\u00e9unit de nombreux concepts fitness dans une ambiance musicale et festive.<br \/>Il s\u2019inscrit notamment dans le cadre de la Journ\u00e9e europ\u00e9enne contre l\u2019ob\u00e9sit\u00e9, en sensibilisant le public \u00e0 la pratique sportive et au bien-\u00eatre.<\/p>\t\t\t\t\t\t\t\t<\/div>\n\t\t\t\t<div class=\"elementor-element elementor-element-ef5d07f elementor-widget elementor-widget-button\" data-id=\"ef5d07f\" data-element_type=\"widget\" data-e-type=\"widget\" data-widget_type=\"button.default\">\n\t\t\t\t\t\t\t\t\t\t<a class=\"elementor-button elementor-button-link elementor-size-sm\" href=\"\">\n\t\t\t\t\t\t<span class=\"elementor-button-content-wrapper\">\n\t\t\t\t\t\t\t\t\t<span class=\"elementor-button-text\">Cliquez ici<\/span>\n\t\t\t\t\t<\/span>\n\t\t\t\t\t<\/a>\n\t\t\t\t\t\t\t\t<\/div>\n\t\t\t\t<\/div>\n\t\t<div class=\"elementor-element elementor-element-7154a09 e-con-full e-flex e-con e-child\" data-id=\"7154a09\" data-element_type=\"container\" data-e-type=\"container\">\n\t\t\t\t<\/div>\n\t\t\t\t\t<\/div>\n\t\t\t\t<\/div>\n\t\t<div class=\"elementor-element elementor-element-05604e5 e-flex e-con-boxed e-con e-parent\" data-id=\"05604e5\" data-element_type=\"container\" data-e-type=\"container\">\n\t\t\t\t\t<div class=\"e-con-inner\">\n\t\t<div class=\"elementor-element elementor-element-4fb06ed e-con-full e-flex e-con e-child\" data-id=\"4fb06ed\" data-element_type=\"container\" data-e-type=\"container\">\n\t\t\t\t<\/div>\n\t\t<div class=\"elementor-element elementor-element-ca4cd10 e-con-full e-flex e-con e-child\" data-id=\"ca4cd10\" data-element_type=\"container\" data-e-type=\"container\">\n\t\t\t\t<div class=\"elementor-element elementor-element-ff90e19 elementor-widget elementor-widget-heading\" data-id=\"ff90e19\" data-element_type=\"widget\" data-e-type=\"widget\" data-widget_type=\"heading.default\">\n\t\t\t\t\t<h3 class=\"elementor-heading-title elementor-size-default\">Fitness Night <\/h3>\t\t\t\t<\/div>\n\t\t\t\t<div class=\"elementor-element elementor-element-0217ac5 elementor-widget elementor-widget-text-editor\" data-id=\"0217ac5\" data-element_type=\"widget\" data-e-type=\"widget\" data-widget_type=\"text-editor.default\">\n\t\t\t\t\t\t\t\t\t<p>Fitness Night est une soir\u00e9e sportive et festive m\u00ealant cours collectifs, DJ, lumi\u00e8res et \u00e9nergie.Une exp\u00e9rience immersive o\u00f9 le fitness devient un v\u00e9ritable show.<\/p>\t\t\t\t\t\t\t\t<\/div>\n\t\t\t\t<div class=\"elementor-element elementor-element-ad0ec85 elementor-widget elementor-widget-button\" data-id=\"ad0ec85\" data-element_type=\"widget\" data-e-type=\"widget\" data-widget_type=\"button.default\">\n\t\t\t\t\t\t\t\t\t\t<a class=\"elementor-button elementor-button-link elementor-size-sm\" href=\"https:\/\/www.we-doevents.com\/index.php\/fitness-night\/\">\n\t\t\t\t\t\t<span class=\"elementor-button-content-wrapper\">\n\t\t\t\t\t\t\t\t\t<span class=\"elementor-button-text\">Cliquez ici<\/span>\n\t\t\t\t\t<\/span>\n\t\t\t\t\t<\/a>\n\t\t\t\t\t\t\t\t<\/div>\n\t\t\t\t<\/div>\n\t\t<div class=\"elementor-element elementor-element-682addd e-con-full e-flex e-con e-child\" data-id=\"682addd\" data-element_type=\"container\" data-e-type=\"container\">\n\t\t\t\t<div class=\"elementor-element elementor-element-e2a060d elementor-widget elementor-widget-heading\" data-id=\"e2a060d\" data-element_type=\"widget\" data-e-type=\"widget\" data-widget_type=\"heading.default\">\n\t\t\t\t\t<h3 class=\"elementor-heading-title elementor-size-default\">Afterwork Fitness <\/h3>\t\t\t\t<\/div>\n\t\t\t\t<div class=\"elementor-element elementor-element-bdeadf4 elementor-widget elementor-widget-text-editor\" data-id=\"bdeadf4\" data-element_type=\"widget\" data-e-type=\"widget\" data-widget_type=\"text-editor.default\">\n\t\t\t\t\t\t\t\t\t<p>Afterwork Fitness propose des cours de fitness d\u2019une dur\u00e9e de 1 \u00e0 2 heures, suivis d\u2019un moment convivial autour d\u2019un buffet healthy.Un format id\u00e9al pour les entreprises, favorisant bien-\u00eatre, coh\u00e9sion et d\u00e9tente.<\/p>\t\t\t\t\t\t\t\t<\/div>\n\t\t\t\t<div class=\"elementor-element elementor-element-64f7144 elementor-widget elementor-widget-button\" data-id=\"64f7144\" data-element_type=\"widget\" data-e-type=\"widget\" data-widget_type=\"button.default\">\n\t\t\t\t\t\t\t\t\t\t<a class=\"elementor-button elementor-button-link elementor-size-sm\" href=\"https:\/\/www.we-doevents.com\/index.php\/afterwork-fitness\/\">\n\t\t\t\t\t\t<span class=\"elementor-button-content-wrapper\">\n\t\t\t\t\t\t\t\t\t<span class=\"elementor-button-text\">Cliquez ici<\/span>\n\t\t\t\t\t<\/span>\n\t\t\t\t\t<\/a>\n\t\t\t\t\t\t\t\t<\/div>\n\t\t\t\t<\/div>\n\t\t<div class=\"elementor-element elementor-element-ec9f4e9 e-con-full e-flex e-con e-child\" data-id=\"ec9f4e9\" data-element_type=\"container\" data-e-type=\"container\">\n\t\t\t\t<\/div>\n\t\t\t\t\t<\/div>\n\t\t\t\t<\/div>\n\t\t<div class=\"elementor-element elementor-element-dd943bd e-flex e-con-boxed e-con e-parent\" data-id=\"dd943bd\" data-element_type=\"container\" data-e-type=\"container\">\n\t\t\t\t\t<div class=\"e-con-inner\">\n\t\t<div class=\"elementor-element elementor-element-d0230f9 e-con-full e-flex e-con e-child\" data-id=\"d0230f9\" data-element_type=\"container\" data-e-type=\"container\">\n\t\t\t\t<\/div>\n\t\t<div class=\"elementor-element elementor-element-8a15490 e-con-full e-flex e-con e-child\" data-id=\"8a15490\" data-element_type=\"container\" data-e-type=\"container\">\n\t\t\t\t<div class=\"elementor-element elementor-element-bbbcafd elementor-widget elementor-widget-heading\" data-id=\"bbbcafd\" data-element_type=\"widget\" data-e-type=\"widget\" data-widget_type=\"heading.default\">\n\t\t\t\t\t<h3 class=\"elementor-heading-title elementor-size-default\">R JUMP FLUO PARTY<\/h3>\t\t\t\t<\/div>\n\t\t\t\t<div class=\"elementor-element elementor-element-54f3c3f elementor-widget elementor-widget-text-editor\" data-id=\"54f3c3f\" data-element_type=\"widget\" data-e-type=\"widget\" data-widget_type=\"text-editor.default\">\n\t\t\t\t\t\t\t\t\t<p>R Jump Fluo Party est un \u00e9v\u00e9nement fitness indoor immersif o\u00f9 tous les participants sont maquill\u00e9s et \u00e9quip\u00e9s de cordes \u00e0 sauter fluorescentes.Ambiance UV, musique et \u00e9nergie collective pour une exp\u00e9rience unique et spectaculaire<\/p>\t\t\t\t\t\t\t\t<\/div>\n\t\t\t\t<div class=\"elementor-element elementor-element-dffa412 elementor-widget elementor-widget-button\" data-id=\"dffa412\" data-element_type=\"widget\" data-e-type=\"widget\" data-widget_type=\"button.default\">\n\t\t\t\t\t\t\t\t\t\t<a class=\"elementor-button elementor-button-link elementor-size-sm\" href=\"https:\/\/www.we-doevents.com\/index.php\/r-jump-fluo-party\/\">\n\t\t\t\t\t\t<span class=\"elementor-button-content-wrapper\">\n\t\t\t\t\t\t\t\t\t<span class=\"elementor-button-text\">Cliquez ici<\/span>\n\t\t\t\t\t<\/span>\n\t\t\t\t\t<\/a>\n\t\t\t\t\t\t\t\t<\/div>\n\t\t\t\t<\/div>\n\t\t<div class=\"elementor-element elementor-element-201b620 e-con-full e-flex e-con e-child\" data-id=\"201b620\" data-element_type=\"container\" data-e-type=\"container\">\n\t\t\t\t<div class=\"elementor-element elementor-element-231427f elementor-widget elementor-widget-heading\" data-id=\"231427f\" data-element_type=\"widget\" data-e-type=\"widget\" data-widget_type=\"heading.default\">\n\t\t\t\t\t<h3 class=\"elementor-heading-title elementor-size-default\">I MIX YOU TRAIN<\/h3>\t\t\t\t<\/div>\n\t\t\t\t<div class=\"elementor-element elementor-element-c7b6e8b elementor-widget elementor-widget-text-editor\" data-id=\"c7b6e8b\" data-element_type=\"widget\" data-e-type=\"widget\" data-widget_type=\"text-editor.default\">\n\t\t\t\t\t\t\t\t\t<p>I Mix You Train est un concept fitness immersif o\u00f9 le coach, aux platines,mixe les sons du moment tout en vous guidant dans un workout intense et motivant.<\/p>\t\t\t\t\t\t\t\t<\/div>\n\t\t\t\t<div class=\"elementor-element elementor-element-8b966cc elementor-widget elementor-widget-button\" data-id=\"8b966cc\" data-element_type=\"widget\" data-e-type=\"widget\" data-widget_type=\"button.default\">\n\t\t\t\t\t\t\t\t\t\t<a class=\"elementor-button elementor-button-link elementor-size-sm\" href=\"\">\n\t\t\t\t\t\t<span class=\"elementor-button-content-wrapper\">\n\t\t\t\t\t\t\t\t\t<span class=\"elementor-button-text\">Cliquez ici<\/span>\n\t\t\t\t\t<\/span>\n\t\t\t\t\t<\/a>\n\t\t\t\t\t\t\t\t<\/div>\n\t\t\t\t<\/div>\n\t\t\t\t\t<\/div>\n\t\t\t\t<\/div>\n\t\t\t\t<\/div>\n\t\t","protected":false},"excerpt":{"rendered":"<p>Nos \u00e9v\u00e9nements sportifs &amp; solidaires WE DO EVENTS con\u00e7oit et produit des \u00e9v\u00e9nements sportifs,bien-\u00eatre et solidaires, adapt\u00e9s aux territoires,aux entreprises et aux institutions. Jump Day Jump Day est un \u00e9v\u00e9nement sportif et festif autour de la corde \u00e0 sauter, accessible \u00e0 tous.Une journ\u00e9e qui rassemble petits et grands autour du mouvement, du plaisir de bouger [&hellip;]<\/p>\n","protected":false},"author":1,"featured_media":0,"parent":0,"menu_order":0,"comment_status":"closed","ping_status":"closed","template":"","meta":{"footnotes":""},"class_list":["post-41","page","type-page","status-publish","hentry"],"_links":{"self":[{"href":"https:\/\/www.we-doevents.com\/index.php\/wp-json\/wp\/v2\/pages\/41","targetHints":{"allow":["GET"]}}],"collection":[{"href":"https:\/\/www.we-doevents.com\/index.php\/wp-json\/wp\/v2\/pages"}],"about":[{"href":"https:\/\/www.we-doevents.com\/index.php\/wp-json\/wp\/v2\/types\/page"}],"author":[{"embeddable":true,"href":"https:\/\/www.we-doevents.com\/index.php\/wp-json\/wp\/v2\/users\/1"}],"replies":[{"embeddable":true,"href":"https:\/\/www.we-doevents.com\/index.php\/wp-json\/wp\/v2\/comments?post=41"}],"version-history":[{"count":49,"href":"https:\/\/www.we-doevents.com\/index.php\/wp-json\/wp\/v2\/pages\/41\/revisions"}],"predecessor-version":[{"id":247,"href":"https:\/\/www.we-doevents.com\/index.php\/wp-json\/wp\/v2\/pages\/41\/revisions\/247"}],"wp:attachment":[{"href":"https:\/\/www.we-doevents.com\/index.php\/wp-json\/wp\/v2\/media?parent=41"}],"curies":[{"name":"wp","href":"https:\/\/api.w.org\/{rel}","templated":true}]}}