{"id":591,"date":"2026-01-11T20:52:31","date_gmt":"2026-01-11T20:52:31","guid":{"rendered":"https:\/\/www.we-doevents.com\/?page_id=591"},"modified":"2026-03-29T21:29:52","modified_gmt":"2026-03-29T21:29:52","slug":"marques-activations-sportives","status":"publish","type":"page","link":"https:\/\/www.we-doevents.com\/index.php\/marques-activations-sportives\/","title":{"rendered":"Marques &amp; Activations sportives"},"content":{"rendered":"\t\t<div data-elementor-type=\"wp-page\" data-elementor-id=\"591\" class=\"elementor elementor-591\">\n\t\t\t\t<div class=\"elementor-element elementor-element-cd4bb18 e-flex e-con-boxed e-con e-parent\" data-id=\"cd4bb18\" data-element_type=\"container\" data-e-type=\"container\" data-settings=\"{&quot;background_background&quot;:&quot;classic&quot;}\">\n\t\t\t\t\t<div class=\"e-con-inner\">\n\t\t\t\t<div class=\"elementor-element elementor-element-89a577c elementor-widget__width-initial elementor-widget elementor-widget-button\" data-id=\"89a577c\" data-element_type=\"widget\" data-e-type=\"widget\" data-widget_type=\"button.default\">\n\t\t\t\t\t\t\t\t\t\t<a class=\"elementor-button elementor-button-link elementor-size-sm\" href=\"#\">\n\t\t\t\t\t\t<span class=\"elementor-button-content-wrapper\">\n\t\t\t\t\t\t\t\t\t<span class=\"elementor-button-text\">Demandez un devis <\/span>\n\t\t\t\t\t<\/span>\n\t\t\t\t\t<\/a>\n\t\t\t\t\t\t\t\t<\/div>\n\t\t\t\t<div class=\"elementor-element elementor-element-dcb9abf elementor-widget__width-initial elementor-widget elementor-widget-html\" data-id=\"dcb9abf\" data-element_type=\"widget\" data-e-type=\"widget\" data-widget_type=\"html.default\">\n\t\t\t\t\t<div style=\"text-align: center; max-width: 800px; margin: 0 auto; padding: 0 20px;\">\r\n    <h1 class=\"fw-bold text-white\" style=\"font-family: 'Plus Jakarta Sans', sans-serif; font-size: 4rem; line-height: 1.1; letter-spacing: -1px; margin-bottom: 20px;\">\r\n        ACTIVATION DE MARQUE\r\n    <\/h1>\r\n    <h2 style=\"color: var(--wede-red); font-weight: 700; font-size: 1.5rem; text-transform: uppercase; margin-bottom: 30px;\">\r\n      Des exp\u00e9riences sportives immersives au service de l\u2019image,\r\nde l\u2019engagement et de la visibilit\u00e9 des marques.\r\n    <\/h2>\r\n    <div style=\"display: flex; gap: 20px; justify-content: center; flex-wrap: wrap;\">\r\n        <a href=\"mailto:contact.wedoevent@gmail.com\" class=\"btn-speed\">\r\n            <span>DEMANDER UN DEVIS<\/span>\r\n        <\/a>\r\n        <a href=\"https:\/\/youtube.com\/shorts\/xQ4xvlE25yM\" target=\"_blank\" class=\"btn-speed\" style=\"background-color: transparent; border: 2px solid white;\">\r\n            <span style=\"color: white;\">VOIR LA VID\u00c9O<\/span>\r\n        <\/a>\r\n    <\/div>\r\n<\/div>\t\t\t\t<\/div>\n\t\t\t\t\t<\/div>\n\t\t\t\t<\/div>\n\t\t<div class=\"elementor-element elementor-element-8c8f407 e-flex e-con-boxed e-con e-parent\" data-id=\"8c8f407\" data-element_type=\"container\" data-e-type=\"container\">\n\t\t\t\t\t<div class=\"e-con-inner\">\n\t\t\t\t<div class=\"elementor-element elementor-element-ca0b05b elementor-widget elementor-widget-heading\" data-id=\"ca0b05b\" data-element_type=\"widget\" data-e-type=\"widget\" data-widget_type=\"heading.default\">\n\t\t\t\t\t<h2 class=\"elementor-heading-title elementor-size-default\">Introduction<\/h2>\t\t\t\t<\/div>\n\t\t<div class=\"elementor-element elementor-element-8931b1c e-con-full e-flex e-con e-child\" data-id=\"8931b1c\" data-element_type=\"container\" data-e-type=\"container\">\n\t\t<div class=\"elementor-element elementor-element-0875e6e e-con-full e-flex e-con e-child\" data-id=\"0875e6e\" data-element_type=\"container\" data-e-type=\"container\" data-settings=\"{&quot;background_background&quot;:&quot;classic&quot;}\">\n\t\t\t\t<div class=\"elementor-element elementor-element-385584b elementor-widget elementor-widget-heading\" data-id=\"385584b\" data-element_type=\"widget\" data-e-type=\"widget\" data-widget_type=\"heading.default\">\n\t\t\t\t\t<h2 class=\"elementor-heading-title elementor-size-default\">introduction <\/h2>\t\t\t\t<\/div>\n\t\t\t\t<div class=\"elementor-element elementor-element-fa79928 elementor-widget-divider--view-line elementor-widget elementor-widget-divider\" data-id=\"fa79928\" data-element_type=\"widget\" data-e-type=\"widget\" data-widget_type=\"divider.default\">\n\t\t\t\t\t\t\t<div class=\"elementor-divider\">\n\t\t\t<span class=\"elementor-divider-separator\">\n\t\t\t\t\t\t<\/span>\n\t\t<\/div>\n\t\t\t\t\t\t<\/div>\n\t\t\t\t<div class=\"elementor-element elementor-element-e726e24 elementor-widget elementor-widget-text-editor\" data-id=\"e726e24\" data-element_type=\"widget\" data-e-type=\"widget\" data-widget_type=\"text-editor.default\">\n\t\t\t\t\t\t\t\t\t<p>WE DO EVENTS accompagne les marques dans la conception et la mise en \u0153uvre<br \/>d\u2019activations sportives \u00e0 fort impact, m\u00ealant exp\u00e9rience terrain,<br \/>visibilit\u00e9 et engagement du public.<\/p><p>\u00c0 travers des \u00e9v\u00e9nements sportifs immersifs et participatifs,<br \/>nous cr\u00e9ons des dispositifs permettant aux marques de se connecter<br \/>directement \u00e0 leurs publics, de valoriser leurs valeurs et de proposer<br \/>des exp\u00e9riences m\u00e9morables.<\/p><p>Nos activations s\u2019adaptent aux enjeux marketing, territoriaux et<br \/>institutionnels, en int\u00e9grant \u00e0 la fois des athl\u00e8tes, des \u00e9quipements<br \/>sportifs et des temps forts \u00e9v\u00e9nementiels.<\/p>\t\t\t\t\t\t\t\t<\/div>\n\t\t\t\t<\/div>\n\t\t<div class=\"elementor-element elementor-element-e6ed53a e-con-full e-flex e-con e-child\" data-id=\"e6ed53a\" data-element_type=\"container\" data-e-type=\"container\">\n\t\t<div class=\"elementor-element elementor-element-43b4ca7 e-con-full e-flex e-con e-child\" data-id=\"43b4ca7\" data-element_type=\"container\" data-e-type=\"container\">\n\t\t\t\t<div class=\"elementor-element elementor-element-3d43733 elementor-widget elementor-widget-heading\" data-id=\"3d43733\" data-element_type=\"widget\" data-e-type=\"widget\" data-widget_type=\"heading.default\">\n\t\t\t\t\t<h2 class=\"elementor-heading-title elementor-size-default\">Pourquoi UNE activation de marque par le sport?<\/h2>\t\t\t\t<\/div>\n\t\t\t\t<div class=\"elementor-element elementor-element-d487fd7 elementor-widget-divider--view-line elementor-widget elementor-widget-divider\" data-id=\"d487fd7\" data-element_type=\"widget\" data-e-type=\"widget\" data-widget_type=\"divider.default\">\n\t\t\t\t\t\t\t<div class=\"elementor-divider\">\n\t\t\t<span class=\"elementor-divider-separator\">\n\t\t\t\t\t\t<\/span>\n\t\t<\/div>\n\t\t\t\t\t\t<\/div>\n\t\t\t\t<div class=\"elementor-element elementor-element-83d851f elementor-icon-list--layout-traditional elementor-list-item-link-full_width elementor-widget elementor-widget-icon-list\" data-id=\"83d851f\" data-element_type=\"widget\" data-e-type=\"widget\" data-widget_type=\"icon-list.default\">\n\t\t\t\t\t\t\t<ul class=\"elementor-icon-list-items\">\n\t\t\t\t\t\t\t<li class=\"elementor-icon-list-item\">\n\t\t\t\t\t\t\t\t\t\t\t<span class=\"elementor-icon-list-icon\">\n\t\t\t\t\t\t\t<svg aria-hidden=\"true\" class=\"e-font-icon-svg e-fas-check\" viewBox=\"0 0 512 512\" xmlns=\"http:\/\/www.w3.org\/2000\/svg\"><path d=\"M173.898 439.404l-166.4-166.4c-9.997-9.997-9.997-26.206 0-36.204l36.203-36.204c9.997-9.998 26.207-9.998 36.204 0L192 312.69 432.095 72.596c9.997-9.997 26.207-9.997 36.204 0l36.203 36.204c9.997 9.997 9.997 26.206 0 36.204l-294.4 294.401c-9.998 9.997-26.207 9.997-36.204-.001z\"><\/path><\/svg>\t\t\t\t\t\t<\/span>\n\t\t\t\t\t\t\t\t\t\t<span class=\"elementor-icon-list-text\">Cr\u00e9er un lien direct entre la marque et le public<\/span>\n\t\t\t\t\t\t\t\t\t<\/li>\n\t\t\t\t\t\t\t\t<li class=\"elementor-icon-list-item\">\n\t\t\t\t\t\t\t\t\t\t\t<span class=\"elementor-icon-list-icon\">\n\t\t\t\t\t\t\t<svg aria-hidden=\"true\" class=\"e-font-icon-svg e-fas-check\" viewBox=\"0 0 512 512\" xmlns=\"http:\/\/www.w3.org\/2000\/svg\"><path d=\"M173.898 439.404l-166.4-166.4c-9.997-9.997-9.997-26.206 0-36.204l36.203-36.204c9.997-9.998 26.207-9.998 36.204 0L192 312.69 432.095 72.596c9.997-9.997 26.207-9.997 36.204 0l36.203 36.204c9.997 9.997 9.997 26.206 0 36.204l-294.4 294.401c-9.998 9.997-26.207 9.997-36.204-.001z\"><\/path><\/svg>\t\t\t\t\t\t<\/span>\n\t\t\t\t\t\t\t\t\t\t<span class=\"elementor-icon-list-text\">Valoriser les valeurs de la marque \u00e0 travers le sport<\/span>\n\t\t\t\t\t\t\t\t\t<\/li>\n\t\t\t\t\t\t\t\t<li class=\"elementor-icon-list-item\">\n\t\t\t\t\t\t\t\t\t\t\t<span class=\"elementor-icon-list-icon\">\n\t\t\t\t\t\t\t<svg aria-hidden=\"true\" class=\"e-font-icon-svg e-fas-check\" viewBox=\"0 0 512 512\" xmlns=\"http:\/\/www.w3.org\/2000\/svg\"><path d=\"M173.898 439.404l-166.4-166.4c-9.997-9.997-9.997-26.206 0-36.204l36.203-36.204c9.997-9.998 26.207-9.998 36.204 0L192 312.69 432.095 72.596c9.997-9.997 26.207-9.997 36.204 0l36.203 36.204c9.997 9.997 9.997 26.206 0 36.204l-294.4 294.401c-9.998 9.997-26.207 9.997-36.204-.001z\"><\/path><\/svg>\t\t\t\t\t\t<\/span>\n\t\t\t\t\t\t\t\t\t\t<span class=\"elementor-icon-list-text\">Proposer une exp\u00e9rience immersive et participative<\/span>\n\t\t\t\t\t\t\t\t\t<\/li>\n\t\t\t\t\t\t\t\t<li class=\"elementor-icon-list-item\">\n\t\t\t\t\t\t\t\t\t\t\t<span class=\"elementor-icon-list-icon\">\n\t\t\t\t\t\t\t<svg aria-hidden=\"true\" class=\"e-font-icon-svg e-fas-check\" viewBox=\"0 0 512 512\" xmlns=\"http:\/\/www.w3.org\/2000\/svg\"><path d=\"M173.898 439.404l-166.4-166.4c-9.997-9.997-9.997-26.206 0-36.204l36.203-36.204c9.997-9.998 26.207-9.998 36.204 0L192 312.69 432.095 72.596c9.997-9.997 26.207-9.997 36.204 0l36.203 36.204c9.997 9.997 9.997 26.206 0 36.204l-294.4 294.401c-9.998 9.997-26.207 9.997-36.204-.001z\"><\/path><\/svg>\t\t\t\t\t\t<\/span>\n\t\t\t\t\t\t\t\t\t\t<span class=\"elementor-icon-list-text\">Renforcer la visibilit\u00e9 et l\u2019image de marque<\/span>\n\t\t\t\t\t\t\t\t\t<\/li>\n\t\t\t\t\t\t\t\t<li class=\"elementor-icon-list-item\">\n\t\t\t\t\t\t\t\t\t\t\t<span class=\"elementor-icon-list-icon\">\n\t\t\t\t\t\t\t<svg aria-hidden=\"true\" class=\"e-font-icon-svg e-fas-check\" viewBox=\"0 0 512 512\" xmlns=\"http:\/\/www.w3.org\/2000\/svg\"><path d=\"M173.898 439.404l-166.4-166.4c-9.997-9.997-9.997-26.206 0-36.204l36.203-36.204c9.997-9.998 26.207-9.998 36.204 0L192 312.69 432.095 72.596c9.997-9.997 26.207-9.997 36.204 0l36.203 36.204c9.997 9.997 9.997 26.206 0 36.204l-294.4 294.401c-9.998 9.997-26.207 9.997-36.204-.001z\"><\/path><\/svg>\t\t\t\t\t\t<\/span>\n\t\t\t\t\t\t\t\t\t\t<span class=\"elementor-icon-list-text\">Toucher un public engag\u00e9 et cibl\u00e9<\/span>\n\t\t\t\t\t\t\t\t\t<\/li>\n\t\t\t\t\t\t<\/ul>\n\t\t\t\t\t\t<\/div>\n\t\t\t\t<\/div>\n\t\t\t\t<\/div>\n\t\t\t\t<\/div>\n\t\t\t\t\t<\/div>\n\t\t\t\t<\/div>\n\t\t<div class=\"elementor-element elementor-element-10e2698 e-flex e-con-boxed e-con e-parent\" data-id=\"10e2698\" data-element_type=\"container\" data-e-type=\"container\">\n\t\t\t\t\t<div class=\"e-con-inner\">\n\t\t\t\t<div class=\"elementor-element elementor-element-d479c08 elementor-widget elementor-widget-heading\" data-id=\"d479c08\" data-element_type=\"widget\" data-e-type=\"widget\" data-widget_type=\"heading.default\">\n\t\t\t\t\t<h2 class=\"elementor-heading-title elementor-size-default\">Nos activations r\u00e9alis\u00e9es<\/h2>\t\t\t\t<\/div>\n\t\t\t\t<div class=\"elementor-element elementor-element-21a12d7 elementor-widget-divider--view-line elementor-widget elementor-widget-divider\" data-id=\"21a12d7\" data-element_type=\"widget\" data-e-type=\"widget\" data-widget_type=\"divider.default\">\n\t\t\t\t\t\t\t<div class=\"elementor-divider\">\n\t\t\t<span class=\"elementor-divider-separator\">\n\t\t\t\t\t\t<\/span>\n\t\t<\/div>\n\t\t\t\t\t\t<\/div>\n\t\t\t\t<div class=\"elementor-element elementor-element-d467935 elementor-widget elementor-widget-heading\" data-id=\"d467935\" data-element_type=\"widget\" data-e-type=\"widget\" data-widget_type=\"heading.default\">\n\t\t\t\t\t<h2 class=\"elementor-heading-title elementor-size-default\">Unlocked <\/h2>\t\t\t\t<\/div>\n\t\t\t\t<div class=\"elementor-element elementor-element-91e95e0 elementor-widget elementor-widget-html\" data-id=\"91e95e0\" data-element_type=\"widget\" data-e-type=\"widget\" data-widget_type=\"html.default\">\n\t\t\t\t\t<div style=\"text-align: center; margin-bottom: 3rem;\">\r\n    <h2 style=\"font-size: 2.5rem; font-weight: 800; color: white; margin-bottom: 1rem;\">NOS ACTIVATION DE MARQUES REALISEES<\/h2>\r\n    <div style=\"width: 80px; height: 4px; background: linear-gradient(90deg, transparent, var(--wede-red), transparent); margin: 0 auto;\"><\/div>\r\n<\/div>\t\t\t\t<\/div>\n\t\t\t\t\t<\/div>\n\t\t\t\t<\/div>\n\t\t<div class=\"elementor-element elementor-element-0771448 e-flex e-con-boxed e-con e-parent\" data-id=\"0771448\" data-element_type=\"container\" data-e-type=\"container\">\n\t\t\t\t\t<div class=\"e-con-inner\">\n\t\t\t\t<div class=\"elementor-element elementor-element-2a793df elementor-widget elementor-widget-text-editor\" data-id=\"2a793df\" data-element_type=\"widget\" data-e-type=\"widget\" data-widget_type=\"text-editor.default\">\n\t\t\t\t\t\t\t\t\t<p>\u00a0<\/p><p>\u00a0<\/p><p>WE DO EVENTS a \u00e9t\u00e9 partenaire de l\u2019\u00e9v\u00e9nement Unlocked,<br \/>sponsoris\u00e9 par Adidas et Live Nation, r\u00e9unissant des athl\u00e8tes<br \/>de haut niveau en basketball dans le cadre d\u2019une activation<br \/>de marque \u00e0 forte visibilit\u00e9.<\/p>\t\t\t\t\t\t\t\t<\/div>\n\t\t<div class=\"elementor-element elementor-element-e0ad754 e-con-full e-flex e-con e-child\" data-id=\"e0ad754\" data-element_type=\"container\" data-e-type=\"container\">\n\t\t\t\t<div class=\"elementor-element elementor-element-2b1ae8b elementor-widget elementor-widget-video\" data-id=\"2b1ae8b\" data-element_type=\"widget\" data-e-type=\"widget\" data-settings=\"{&quot;video_type&quot;:&quot;hosted&quot;,&quot;controls&quot;:&quot;yes&quot;}\" data-widget_type=\"video.default\">\n\t\t\t\t\t\t\t<div class=\"e-hosted-video elementor-wrapper elementor-open-inline\">\n\t\t\t\t\t<video class=\"elementor-video\" src=\"http:\/\/www.we-doevents.com\/wp-content\/uploads\/2026\/01\/VID-20260112-WA00011.mp4\" controls=\"\" preload=\"metadata\" controlsList=\"nodownload\"><\/video>\n\t\t\t\t<\/div>\n\t\t\t\t\t\t<\/div>\n\t\t\t\t<\/div>\n\t\t\t\t\t<\/div>\n\t\t\t\t<\/div>\n\t\t<div class=\"elementor-element elementor-element-39e85c0 e-flex e-con-boxed e-con e-parent\" data-id=\"39e85c0\" data-element_type=\"container\" data-e-type=\"container\">\n\t\t\t\t\t<div class=\"e-con-inner\">\n\t\t\t\t<div class=\"elementor-element elementor-element-0179d3e elementor-widget elementor-widget-heading\" data-id=\"0179d3e\" data-element_type=\"widget\" data-e-type=\"widget\" data-widget_type=\"heading.default\">\n\t\t\t\t\t<h2 class=\"elementor-heading-title elementor-size-default\">Jump Day<\/h2>\t\t\t\t<\/div>\n\t\t\t\t\t<\/div>\n\t\t\t\t<\/div>\n\t\t<div class=\"elementor-element elementor-element-567b9bc e-flex e-con-boxed e-con e-parent\" data-id=\"567b9bc\" data-element_type=\"container\" data-e-type=\"container\">\n\t\t\t\t\t<div class=\"e-con-inner\">\n\t\t<div class=\"elementor-element elementor-element-0b7c9ff e-con-full e-flex e-con e-child\" data-id=\"0b7c9ff\" data-element_type=\"container\" data-e-type=\"container\">\n\t\t\t\t<div class=\"elementor-element elementor-element-a45a9ad elementor-widget elementor-widget-video\" data-id=\"a45a9ad\" data-element_type=\"widget\" data-e-type=\"widget\" data-settings=\"{&quot;video_type&quot;:&quot;hosted&quot;,&quot;start&quot;:4,&quot;controls&quot;:&quot;yes&quot;}\" data-widget_type=\"video.default\">\n\t\t\t\t\t\t\t<div class=\"e-hosted-video elementor-wrapper elementor-open-inline\">\n\t\t\t\t\t<video class=\"elementor-video\" src=\"http:\/\/www.we-doevents.com\/wp-content\/uploads\/2026\/03\/14693220_1442138082481721_1032450742855663616_n.mp4#t=4\" controls=\"\" preload=\"metadata\" controlsList=\"nodownload\"><\/video>\n\t\t\t\t<\/div>\n\t\t\t\t\t\t<\/div>\n\t\t\t\t<\/div>\n\t\t<div class=\"elementor-element elementor-element-f12e917 e-con-full e-flex e-con e-child\" data-id=\"f12e917\" data-element_type=\"container\" data-e-type=\"container\">\n\t\t\t\t<div class=\"elementor-element elementor-element-1bcef77 elementor-widget elementor-widget-text-editor\" data-id=\"1bcef77\" data-element_type=\"widget\" data-e-type=\"widget\" data-widget_type=\"text-editor.default\">\n\t\t\t\t\t\t\t\t\t<p><span style=\"font-weight: 400;\">Dans le cadre de la Parisienne 2016, <\/span><span style=\"font-weight: 400;\">WE DO EVENTS a d\u00e9ploy\u00e9 le concept R JUMP <\/span><span style=\"font-weight: 400;\">au sein du village de l\u2019\u00e9v\u00e9nement.<\/span><\/p><p><span style=\"font-weight: 400;\">Une activation sportive accessible et participative,<\/span><span style=\"font-weight: 400;\">permettant aux participantes de d\u00e9couvrir une pratique <\/span><span style=\"font-weight: 400;\">ludique et engageante, au c\u0153ur d\u2019un \u00e9v\u00e9nement <\/span><span style=\"font-weight: 400;\">sportif grand public.<\/span><\/p>\t\t\t\t\t\t\t\t<\/div>\n\t\t\t\t<\/div>\n\t\t\t\t\t<\/div>\n\t\t\t\t<\/div>\n\t\t<div class=\"elementor-element elementor-element-4de2d9d e-flex e-con-boxed e-con e-parent\" data-id=\"4de2d9d\" data-element_type=\"container\" data-e-type=\"container\">\n\t\t\t\t\t<div class=\"e-con-inner\">\n\t\t<div class=\"elementor-element elementor-element-f14fd09 e-con-full e-flex e-con e-child\" data-id=\"f14fd09\" data-element_type=\"container\" data-e-type=\"container\">\n\t\t\t\t<div class=\"elementor-element elementor-element-53abb5c elementor-widget elementor-widget-video\" data-id=\"53abb5c\" data-element_type=\"widget\" data-e-type=\"widget\" data-settings=\"{&quot;video_type&quot;:&quot;hosted&quot;,&quot;controls&quot;:&quot;yes&quot;}\" data-widget_type=\"video.default\">\n\t\t\t\t\t\t\t<div class=\"e-hosted-video elementor-wrapper elementor-open-inline\">\n\t\t\t\t\t<video class=\"elementor-video\" src=\"http:\/\/www.we-doevents.com\/wp-content\/uploads\/2026\/01\/FB_VID_293074126245782019-1.mp4\" controls=\"\" preload=\"metadata\" controlsList=\"nodownload\"><\/video>\n\t\t\t\t<\/div>\n\t\t\t\t\t\t<\/div>\n\t\t\t\t<\/div>\n\t\t<div class=\"elementor-element elementor-element-da922ac e-con-full e-flex e-con e-child\" data-id=\"da922ac\" data-element_type=\"container\" data-e-type=\"container\">\n\t\t\t\t<div class=\"elementor-element elementor-element-d0716bd elementor-widget elementor-widget-text-editor\" data-id=\"d0716bd\" data-element_type=\"widget\" data-e-type=\"widget\" data-widget_type=\"text-editor.default\">\n\t\t\t\t\t\t\t\t\t<p>\u00a0<\/p><p>Jump Day est une activation de marque grand public d\u00e9di\u00e9e<br \/>\u00e0 la journ\u00e9e mondiale de la corde \u00e0 sauter, sponsoris\u00e9e<br \/>par la marque R Jump.<\/p><p>\u00c9v\u00e9nement unique en France dans ce cadre, Jump Day int\u00e8gre<br \/>la marque au c\u0153ur de l\u2019exp\u00e9rience \u00e0 travers le mat\u00e9riel,<br \/>les animations et l\u2019identit\u00e9 visuelle, offrant une<br \/>exp\u00e9rience sportive accessible, participative et f\u00e9d\u00e9ratrice.<\/p>\t\t\t\t\t\t\t\t<\/div>\n\t\t\t\t<\/div>\n\t\t\t\t\t<\/div>\n\t\t\t\t<\/div>\n\t\t<div class=\"elementor-element elementor-element-511ff49 e-flex e-con-boxed e-con e-parent\" data-id=\"511ff49\" data-element_type=\"container\" data-e-type=\"container\">\n\t\t\t\t\t<div class=\"e-con-inner\">\n\t\t<div class=\"elementor-element elementor-element-180570a e-con-full e-flex e-con e-child\" data-id=\"180570a\" data-element_type=\"container\" data-e-type=\"container\">\n\t\t\t\t<div class=\"elementor-element elementor-element-29127f5 elementor-widget elementor-widget-heading\" data-id=\"29127f5\" data-element_type=\"widget\" data-e-type=\"widget\" data-widget_type=\"heading.default\">\n\t\t\t\t\t<h2 class=\"elementor-heading-title elementor-size-default\">Vous souhaitez associer votre marque \u00e0 un \u00e9v\u00e8nement sportif \u00e0 fort impact, porteur de sens et d'engagement ?<\/h2>\t\t\t\t<\/div>\n\t\t\t\t<div class=\"elementor-element elementor-element-003ab5b elementor-widget__width-initial elementor-widget elementor-widget-text-editor\" data-id=\"003ab5b\" data-element_type=\"widget\" data-e-type=\"widget\" data-widget_type=\"text-editor.default\">\n\t\t\t\t\t\t\t\t\t<p>Nous vous accompagnons dans la conception et la mise en oeuvre d&rsquo;activation de marque sur mesure, m\u00e9lant exp\u00e9rience terrain, visibilit\u00e9 et engagement du public.<\/p>\t\t\t\t\t\t\t\t<\/div>\n\t\t\t\t<div class=\"elementor-element elementor-element-92bb508 elementor-widget elementor-widget-html\" data-id=\"92bb508\" data-element_type=\"widget\" data-e-type=\"widget\" data-widget_type=\"html.default\">\n\t\t\t\t\t<div style=\"text-align: center;\">\n    <a href=\"mailto:contact.wedoevent@gmail.com\" class=\"btn-speed\">\n        <span>CONTACT<\/span>\n    <\/a>\n<\/div>\t\t\t\t<\/div>\n\t\t\t\t<\/div>\n\t\t\t\t\t<\/div>\n\t\t\t\t<\/div>\n\t\t\t\t<\/div>\n\t\t","protected":false},"excerpt":{"rendered":"<p>Demandez un devis ACTIVATION DE MARQUE Des exp\u00e9riences sportives immersives au service de l\u2019image, de l\u2019engagement et de la visibilit\u00e9 des marques. DEMANDER UN DEVIS VOIR LA VID\u00c9O Introduction introduction WE DO EVENTS accompagne les marques dans la conception et la mise en \u0153uvred\u2019activations sportives \u00e0 fort impact, m\u00ealant exp\u00e9rience terrain,visibilit\u00e9 et engagement du public. [&hellip;]<\/p>\n","protected":false},"author":1,"featured_media":0,"parent":0,"menu_order":0,"comment_status":"closed","ping_status":"closed","template":"","meta":{"footnotes":""},"class_list":["post-591","page","type-page","status-publish","hentry"],"_links":{"self":[{"href":"https:\/\/www.we-doevents.com\/index.php\/wp-json\/wp\/v2\/pages\/591","targetHints":{"allow":["GET"]}}],"collection":[{"href":"https:\/\/www.we-doevents.com\/index.php\/wp-json\/wp\/v2\/pages"}],"about":[{"href":"https:\/\/www.we-doevents.com\/index.php\/wp-json\/wp\/v2\/types\/page"}],"author":[{"embeddable":true,"href":"https:\/\/www.we-doevents.com\/index.php\/wp-json\/wp\/v2\/users\/1"}],"replies":[{"embeddable":true,"href":"https:\/\/www.we-doevents.com\/index.php\/wp-json\/wp\/v2\/comments?post=591"}],"version-history":[{"count":79,"href":"https:\/\/www.we-doevents.com\/index.php\/wp-json\/wp\/v2\/pages\/591\/revisions"}],"predecessor-version":[{"id":2067,"href":"https:\/\/www.we-doevents.com\/index.php\/wp-json\/wp\/v2\/pages\/591\/revisions\/2067"}],"wp:attachment":[{"href":"https:\/\/www.we-doevents.com\/index.php\/wp-json\/wp\/v2\/media?parent=591"}],"curies":[{"name":"wp","href":"https:\/\/api.w.org\/{rel}","templated":true}]}}