{"id":641,"date":"2026-01-12T20:43:43","date_gmt":"2026-01-12T20:43:43","guid":{"rendered":"https:\/\/www.we-doevents.com\/?page_id=641"},"modified":"2026-02-28T14:18:20","modified_gmt":"2026-02-28T14:18:20","slug":"reference-partenariats","status":"publish","type":"page","link":"https:\/\/www.we-doevents.com\/index.php\/reference-partenariats\/","title":{"rendered":"R\u00e9f\u00e9rence &amp; Partenariats"},"content":{"rendered":"\t\t<div data-elementor-type=\"wp-page\" data-elementor-id=\"641\" class=\"elementor elementor-641\">\n\t\t\t\t<div class=\"elementor-element elementor-element-fbb4d57 e-flex e-con-boxed e-con e-parent\" data-id=\"fbb4d57\" data-element_type=\"container\" data-e-type=\"container\" data-settings=\"{&quot;background_background&quot;:&quot;classic&quot;}\">\n\t\t\t\t\t<div class=\"e-con-inner\">\n\t\t<div class=\"elementor-element elementor-element-5836840 e-con-full e-flex e-con e-child\" data-id=\"5836840\" data-element_type=\"container\" data-e-type=\"container\">\n\t\t\t\t<div class=\"elementor-element elementor-element-c81f95a elementor-widget elementor-widget-heading\" data-id=\"c81f95a\" data-element_type=\"widget\" data-e-type=\"widget\" data-widget_type=\"heading.default\">\n\t\t\t\t\t<h2 class=\"elementor-heading-title elementor-size-default\">R\u00c9F\u00c9RENCES &amp; PARTENARIATS<\/h2>\t\t\t\t<\/div>\n\t\t\t\t<div class=\"elementor-element elementor-element-a73769e elementor-widget elementor-widget-heading\" data-id=\"a73769e\" data-element_type=\"widget\" data-e-type=\"widget\" data-widget_type=\"heading.default\">\n\t\t\t\t\t<h2 class=\"elementor-heading-title elementor-size-default\">Des projets sportifs men\u00e9s aux c\u00f4t\u00e9s de collectivit\u00e9s, de marques et d\u2019institutions.<\/h2>\t\t\t\t<\/div>\n\t\t\t\t<div class=\"elementor-element elementor-element-1cdd01c elementor-widget__width-initial elementor-widget elementor-widget-text-editor\" data-id=\"1cdd01c\" data-element_type=\"widget\" data-e-type=\"widget\" data-widget_type=\"text-editor.default\">\n\t\t\t\t\t\t\t\t\t<p>WE DO EVENTS d\u00e9veloppe et produit des \u00e9v\u00e9nements sportifs \u00e0 fort impact, adapt\u00e9s aux enjeux de territoire, de visibilit\u00e9 et d\u2019engagement des publics.<\/p>\t\t\t\t\t\t\t\t<\/div>\n\t\t\t\t<\/div>\n\t\t\t\t\t<\/div>\n\t\t\t\t<\/div>\n\t\t<div class=\"elementor-element elementor-element-1a89381 e-flex e-con-boxed e-con e-parent\" data-id=\"1a89381\" data-element_type=\"container\" data-e-type=\"container\" data-settings=\"{&quot;background_background&quot;:&quot;classic&quot;}\">\n\t\t\t\t\t<div class=\"e-con-inner\">\n\t\t\t\t<div class=\"elementor-element elementor-element-fe76e76 elementor-widget elementor-widget-heading\" data-id=\"fe76e76\" data-element_type=\"widget\" data-e-type=\"widget\" data-widget_type=\"heading.default\">\n\t\t\t\t\t<h2 class=\"elementor-heading-title elementor-size-default\">COLLECTIVIT\u00c9S &amp; INSTITUTIONS<\/h2>\t\t\t\t<\/div>\n\t\t\t\t<div class=\"elementor-element elementor-element-1e1b3d3 elementor-widget-divider--view-line elementor-widget elementor-widget-divider\" data-id=\"1e1b3d3\" data-element_type=\"widget\" data-e-type=\"widget\" data-widget_type=\"divider.default\">\n\t\t\t\t\t\t\t<div class=\"elementor-divider\">\n\t\t\t<span class=\"elementor-divider-separator\">\n\t\t\t\t\t\t<\/span>\n\t\t<\/div>\n\t\t\t\t\t\t<\/div>\n\t\t<div class=\"elementor-element elementor-element-7167014 e-con-full e-flex e-con e-child\" data-id=\"7167014\" data-element_type=\"container\" data-e-type=\"container\">\n\t\t<div class=\"elementor-element elementor-element-df2a233 e-con-full wede-visual-card e-flex e-con e-child\" data-id=\"df2a233\" data-element_type=\"container\" data-e-type=\"container\">\n\t\t\t\t<div class=\"elementor-element elementor-element-35233d6 wede-visual-img elementor-widget elementor-widget-image\" data-id=\"35233d6\" data-element_type=\"widget\" data-e-type=\"widget\" data-widget_type=\"image.default\">\n\t\t\t\t\t\t\t\t\t\t\t\t\t\t\t<img decoding=\"async\" src=\"https:\/\/www.we-doevents.com\/wp-content\/uploads\/2026\/01\/ChatGPT-Image-8-janv.-2026-14_42_08.jpg\" title=\"ChatGPT Image 8 janv. 2026, 14_42_08\" alt=\"ChatGPT Image 8 janv. 2026, 14_42_08\" loading=\"lazy\" \/>\t\t\t\t\t\t\t\t\t\t\t\t\t\t\t<\/div>\n\t\t<div class=\"elementor-element elementor-element-d1f826f e-con-full e-flex e-con e-child\" data-id=\"d1f826f\" data-element_type=\"container\" data-e-type=\"container\">\n\t\t\t\t<div class=\"elementor-element elementor-element-533ad6d elementor-widget elementor-widget-heading\" data-id=\"533ad6d\" data-element_type=\"widget\" data-e-type=\"widget\" data-widget_type=\"heading.default\">\n\t\t\t\t\t<h2 class=\"elementor-heading-title elementor-size-default\">MAIRIE DE PARIS (11E)<\/h2>\t\t\t\t<\/div>\n\t\t\t\t<div class=\"elementor-element elementor-element-7972301 elementor-widget elementor-widget-text-editor\" data-id=\"7972301\" data-element_type=\"widget\" data-e-type=\"widget\" data-widget_type=\"text-editor.default\">\n\t\t\t\t\t\t\t\t\t<p>Organisation du Jump Day, \u00e9v\u00e9nement sportif grand public d\u00e9di\u00e9 \u00e0 la journ\u00e9e mondiale de la corde \u00e0 sauter.<\/p>\t\t\t\t\t\t\t\t<\/div>\n\t\t\t\t<\/div>\n\t\t\t\t<\/div>\n\t\t<div class=\"elementor-element elementor-element-6a58c31 e-con-full wede-visual-card e-flex e-con e-child\" data-id=\"6a58c31\" data-element_type=\"container\" data-e-type=\"container\">\n\t\t\t\t<div class=\"elementor-element elementor-element-442bcd2 wede-visual-img elementor-widget elementor-widget-image\" data-id=\"442bcd2\" data-element_type=\"widget\" data-e-type=\"widget\" data-widget_type=\"image.default\">\n\t\t\t\t\t\t\t\t\t\t\t\t\t\t\t<img fetchpriority=\"high\" decoding=\"async\" width=\"768\" height=\"419\" src=\"https:\/\/www.we-doevents.com\/wp-content\/uploads\/2026\/02\/JO2025-2-768x419.png\" class=\"attachment-medium_large size-medium_large wp-image-1605\" alt=\"\" srcset=\"https:\/\/www.we-doevents.com\/wp-content\/uploads\/2026\/02\/JO2025-2-768x419.png 768w, https:\/\/www.we-doevents.com\/wp-content\/uploads\/2026\/02\/JO2025-2-300x164.png 300w, https:\/\/www.we-doevents.com\/wp-content\/uploads\/2026\/02\/JO2025-2-1024x559.png 1024w, https:\/\/www.we-doevents.com\/wp-content\/uploads\/2026\/02\/JO2025-2-1536x838.png 1536w, https:\/\/www.we-doevents.com\/wp-content\/uploads\/2026\/02\/JO2025-2-2048x1117.png 2048w\" sizes=\"(max-width: 768px) 100vw, 768px\" \/>\t\t\t\t\t\t\t\t\t\t\t\t\t\t\t<\/div>\n\t\t<div class=\"elementor-element elementor-element-a3fc209 e-con-full e-flex e-con e-child\" data-id=\"a3fc209\" data-element_type=\"container\" data-e-type=\"container\">\n\t\t\t\t<div class=\"elementor-element elementor-element-692c748 elementor-widget elementor-widget-heading\" data-id=\"692c748\" data-element_type=\"widget\" data-e-type=\"widget\" data-widget_type=\"heading.default\">\n\t\t\t\t\t<h2 class=\"elementor-heading-title elementor-size-default\">JEUX OLYMPIQUES<\/h2>\t\t\t\t<\/div>\n\t\t\t\t<div class=\"elementor-element elementor-element-2a9dccd elementor-widget elementor-widget-text-editor\" data-id=\"2a9dccd\" data-element_type=\"widget\" data-e-type=\"widget\" data-widget_type=\"text-editor.default\">\n\t\t\t\t\t\t\t\t\t<p>Animations et cours de boxe pour les mairies des 11e, 12e, 19e et 20e arr. via l&rsquo;association Sport &amp; Bien-\u00catre.<\/p>\t\t\t\t\t\t\t\t<\/div>\n\t\t\t\t<\/div>\n\t\t\t\t<\/div>\n\t\t<div class=\"elementor-element elementor-element-76ad72b e-con-full wede-visual-card e-flex e-con e-child\" data-id=\"76ad72b\" data-element_type=\"container\" data-e-type=\"container\">\n\t\t\t\t<div class=\"elementor-element elementor-element-fe24625 wede-visual-img elementor-widget elementor-widget-image\" data-id=\"fe24625\" data-element_type=\"widget\" data-e-type=\"widget\" data-widget_type=\"image.default\">\n\t\t\t\t\t\t\t\t\t\t\t\t\t\t\t<img decoding=\"async\" src=\"https:\/\/www.we-doevents.com\/wp-content\/uploads\/2026\/02\/boxe_ville.png\" title=\"boxe_ville\" alt=\"boxe_ville\" loading=\"lazy\" \/>\t\t\t\t\t\t\t\t\t\t\t\t\t\t\t<\/div>\n\t\t<div class=\"elementor-element elementor-element-150210d e-con-full e-flex e-con e-child\" data-id=\"150210d\" data-element_type=\"container\" data-e-type=\"container\">\n\t\t\t\t<div class=\"elementor-element elementor-element-e418c69 elementor-widget elementor-widget-heading\" data-id=\"e418c69\" data-element_type=\"widget\" data-e-type=\"widget\" data-widget_type=\"heading.default\">\n\t\t\t\t\t<h2 class=\"elementor-heading-title elementor-size-default\">D\u00c9PARTEMENT 93<\/h2>\t\t\t\t<\/div>\n\t\t\t\t<div class=\"elementor-element elementor-element-4a72e8f elementor-widget elementor-widget-text-editor\" data-id=\"4a72e8f\" data-element_type=\"widget\" data-e-type=\"widget\" data-widget_type=\"text-editor.default\">\n\t\t\t\t\t\t\t\t\t<p>Mise en place de cours de boxe \u00e0 destination des publics de la Seine-Saint-Denis (pr\u00e9vention et inclusion).<\/p>\t\t\t\t\t\t\t\t<\/div>\n\t\t\t\t<\/div>\n\t\t\t\t<\/div>\n\t\t\t\t<\/div>\n\t\t\t\t\t<\/div>\n\t\t\t\t<\/div>\n\t\t<div class=\"elementor-element elementor-element-758a3c6 e-flex e-con-boxed e-con e-parent\" data-id=\"758a3c6\" data-element_type=\"container\" data-e-type=\"container\" data-settings=\"{&quot;background_background&quot;:&quot;classic&quot;}\">\n\t\t\t\t\t<div class=\"e-con-inner\">\n\t\t\t\t<div class=\"elementor-element elementor-element-200e082 elementor-widget elementor-widget-heading\" data-id=\"200e082\" data-element_type=\"widget\" data-e-type=\"widget\" data-widget_type=\"heading.default\">\n\t\t\t\t\t<h2 class=\"elementor-heading-title elementor-size-default\">COLLECTIVIT\u00c9S &amp; INSTITUTIONS<\/h2>\t\t\t\t<\/div>\n\t\t\t\t<div class=\"elementor-element elementor-element-ea32fc9 elementor-widget-divider--view-line elementor-widget elementor-widget-divider\" data-id=\"ea32fc9\" data-element_type=\"widget\" data-e-type=\"widget\" data-widget_type=\"divider.default\">\n\t\t\t\t\t\t\t<div class=\"elementor-divider\">\n\t\t\t<span class=\"elementor-divider-separator\">\n\t\t\t\t\t\t<\/span>\n\t\t<\/div>\n\t\t\t\t\t\t<\/div>\n\t\t<div class=\"elementor-element elementor-element-6ea6da0 e-con-full e-flex e-con e-child\" data-id=\"6ea6da0\" data-element_type=\"container\" data-e-type=\"container\">\n\t\t<div class=\"elementor-element elementor-element-16c1f17 e-con-full e-flex e-con e-child\" data-id=\"16c1f17\" data-element_type=\"container\" data-e-type=\"container\">\n\t\t\t\t<div class=\"elementor-element elementor-element-08ed471 elementor-widget elementor-widget-image\" data-id=\"08ed471\" data-element_type=\"widget\" data-e-type=\"widget\" data-widget_type=\"image.default\">\n\t\t\t\t\t\t\t\t\t\t\t\t\t\t\t<img decoding=\"async\" width=\"800\" height=\"533\" src=\"https:\/\/www.we-doevents.com\/wp-content\/uploads\/2026\/01\/IMG-20260127-WA00013-1024x682.jpg\" class=\"attachment-large size-large wp-image-904\" alt=\"\" srcset=\"https:\/\/www.we-doevents.com\/wp-content\/uploads\/2026\/01\/IMG-20260127-WA00013-1024x682.jpg 1024w, https:\/\/www.we-doevents.com\/wp-content\/uploads\/2026\/01\/IMG-20260127-WA00013-300x200.jpg 300w, https:\/\/www.we-doevents.com\/wp-content\/uploads\/2026\/01\/IMG-20260127-WA00013-768x512.jpg 768w, https:\/\/www.we-doevents.com\/wp-content\/uploads\/2026\/01\/IMG-20260127-WA00013-1536x1023.jpg 1536w, https:\/\/www.we-doevents.com\/wp-content\/uploads\/2026\/01\/IMG-20260127-WA00013.jpg 1600w\" sizes=\"(max-width: 800px) 100vw, 800px\" \/>\t\t\t\t\t\t\t\t\t\t\t\t\t\t\t<\/div>\n\t\t\t\t<\/div>\n\t\t<div class=\"elementor-element elementor-element-f15b293 e-con-full e-flex e-con e-child\" data-id=\"f15b293\" data-element_type=\"container\" data-e-type=\"container\">\n\t\t\t\t<div class=\"elementor-element elementor-element-4328477 elementor-widget elementor-widget-heading\" data-id=\"4328477\" data-element_type=\"widget\" data-e-type=\"widget\" data-widget_type=\"heading.default\">\n\t\t\t\t\t<h2 class=\"elementor-heading-title elementor-size-default\">UNLOCKED - ADIDAS &amp; LIVE NATION<\/h2>\t\t\t\t<\/div>\n\t\t\t\t<div class=\"elementor-element elementor-element-18a35a4 elementor-widget elementor-widget-text-editor\" data-id=\"18a35a4\" data-element_type=\"widget\" data-e-type=\"widget\" data-widget_type=\"text-editor.default\">\n\t\t\t\t\t\t\t\t\t<p>Coordination op\u00e9rationnelle de l\u2019\u00e9v\u00e9nement r\u00e9unissant des athl\u00e8tes de haut niveau en basketball.<\/p>\t\t\t\t\t\t\t\t<\/div>\n\t\t\t\t<\/div>\n\t\t\t\t<\/div>\n\t\t\t\t<div class=\"elementor-element elementor-element-9d56bc1 elementor-widget-divider--view-line elementor-widget elementor-widget-divider\" data-id=\"9d56bc1\" data-element_type=\"widget\" data-e-type=\"widget\" data-widget_type=\"divider.default\">\n\t\t\t\t\t\t\t<div class=\"elementor-divider\">\n\t\t\t<span class=\"elementor-divider-separator\">\n\t\t\t\t\t\t<\/span>\n\t\t<\/div>\n\t\t\t\t\t\t<\/div>\n\t\t<div class=\"elementor-element elementor-element-4f53b40 e-con-full e-flex e-con e-child\" data-id=\"4f53b40\" data-element_type=\"container\" data-e-type=\"container\">\n\t\t<div class=\"elementor-element elementor-element-6dbfee8 e-con-full e-flex e-con e-child\" data-id=\"6dbfee8\" data-element_type=\"container\" data-e-type=\"container\">\n\t\t\t\t<div class=\"elementor-element elementor-element-fcb6356 elementor-widget elementor-widget-heading\" data-id=\"fcb6356\" data-element_type=\"widget\" data-e-type=\"widget\" data-widget_type=\"heading.default\">\n\t\t\t\t\t<h2 class=\"elementor-heading-title elementor-size-default\">JUMP DAY - ACTIVATION R JUMP<\/h2>\t\t\t\t<\/div>\n\t\t\t\t<div class=\"elementor-element elementor-element-ab62082 elementor-widget elementor-widget-text-editor\" data-id=\"ab62082\" data-element_type=\"widget\" data-e-type=\"widget\" data-widget_type=\"text-editor.default\">\n\t\t\t\t\t\t\t\t\t<p>Activation de marque grand public, int\u00e9grant la marque R Jump au c\u0153ur de l\u2019exp\u00e9rience (mat\u00e9riel, animations, identit\u00e9 visuelle).<\/p>\t\t\t\t\t\t\t\t<\/div>\n\t\t\t\t<\/div>\n\t\t<div class=\"elementor-element elementor-element-b46dc26 e-con-full e-flex e-con e-child\" data-id=\"b46dc26\" data-element_type=\"container\" data-e-type=\"container\">\n\t\t\t\t<div class=\"elementor-element elementor-element-e2ba94f elementor-widget elementor-widget-image\" data-id=\"e2ba94f\" data-element_type=\"widget\" data-e-type=\"widget\" data-widget_type=\"image.default\">\n\t\t\t\t\t\t\t\t\t\t\t\t\t\t\t<img decoding=\"async\" width=\"800\" height=\"534\" src=\"https:\/\/www.we-doevents.com\/wp-content\/uploads\/2026\/01\/IMG_9193-1-1024x683.jpg\" class=\"attachment-large size-large wp-image-727\" alt=\"\" srcset=\"https:\/\/www.we-doevents.com\/wp-content\/uploads\/2026\/01\/IMG_9193-1-1024x683.jpg 1024w, https:\/\/www.we-doevents.com\/wp-content\/uploads\/2026\/01\/IMG_9193-1-300x200.jpg 300w, https:\/\/www.we-doevents.com\/wp-content\/uploads\/2026\/01\/IMG_9193-1-768x512.jpg 768w, https:\/\/www.we-doevents.com\/wp-content\/uploads\/2026\/01\/IMG_9193-1-1536x1024.jpg 1536w, https:\/\/www.we-doevents.com\/wp-content\/uploads\/2026\/01\/IMG_9193-1-2048x1365.jpg 2048w\" sizes=\"(max-width: 800px) 100vw, 800px\" \/>\t\t\t\t\t\t\t\t\t\t\t\t\t\t\t<\/div>\n\t\t\t\t<\/div>\n\t\t\t\t<\/div>\n\t\t\t\t\t<\/div>\n\t\t\t\t<\/div>\n\t\t<div class=\"elementor-element elementor-element-face8b7 e-flex e-con-boxed e-con e-parent\" data-id=\"face8b7\" data-element_type=\"container\" data-e-type=\"container\" data-settings=\"{&quot;background_background&quot;:&quot;classic&quot;}\">\n\t\t\t\t\t<div class=\"e-con-inner\">\n\t\t\t\t<div class=\"elementor-element elementor-element-85857f8 elementor-widget elementor-widget-heading\" data-id=\"85857f8\" data-element_type=\"widget\" data-e-type=\"widget\" data-widget_type=\"heading.default\">\n\t\t\t\t\t<h2 class=\"elementor-heading-title elementor-size-default\">ENTREPRISE &amp; RETAIL<\/h2>\t\t\t\t<\/div>\n\t\t\t\t<div class=\"elementor-element elementor-element-dad1c15 elementor-widget-divider--view-line elementor-widget elementor-widget-divider\" data-id=\"dad1c15\" data-element_type=\"widget\" data-e-type=\"widget\" data-widget_type=\"divider.default\">\n\t\t\t\t\t\t\t<div class=\"elementor-divider\">\n\t\t\t<span class=\"elementor-divider-separator\">\n\t\t\t\t\t\t<\/span>\n\t\t<\/div>\n\t\t\t\t\t\t<\/div>\n\t\t\t\t<div class=\"elementor-element elementor-element-df15278 elementor-widget elementor-widget-text-editor\" data-id=\"df15278\" data-element_type=\"widget\" data-e-type=\"widget\" data-widget_type=\"text-editor.default\">\n\t\t\t\t\t\t\t\t\t<p>Nous transformons les points de vente en espaces d\u2019exp\u00e9rience sportive. (Animations chez Decathlon, Galeries Lafayette&#8230;)<\/p>\t\t\t\t\t\t\t\t<\/div>\n\t\t<div class=\"elementor-element elementor-element-93a73eb e-con-full e-flex e-con e-child\" data-id=\"93a73eb\" data-element_type=\"container\" data-e-type=\"container\">\n\t\t\t\t<div class=\"elementor-element elementor-element-5c8ed34 elementor-widget__width-initial elementor-widget elementor-widget-image\" data-id=\"5c8ed34\" data-element_type=\"widget\" data-e-type=\"widget\" data-widget_type=\"image.default\">\n\t\t\t\t\t\t\t\t\t\t\t\t\t\t\t<img loading=\"lazy\" decoding=\"async\" width=\"800\" height=\"431\" src=\"https:\/\/www.we-doevents.com\/wp-content\/uploads\/2026\/01\/Logo_galeries_lafayette.jpg\" class=\"attachment-large size-large wp-image-114\" alt=\"\" srcset=\"https:\/\/www.we-doevents.com\/wp-content\/uploads\/2026\/01\/Logo_galeries_lafayette.jpg 1024w, https:\/\/www.we-doevents.com\/wp-content\/uploads\/2026\/01\/Logo_galeries_lafayette-300x162.jpg 300w, https:\/\/www.we-doevents.com\/wp-content\/uploads\/2026\/01\/Logo_galeries_lafayette-768x414.jpg 768w\" sizes=\"(max-width: 800px) 100vw, 800px\" \/>\t\t\t\t\t\t\t\t\t\t\t\t\t\t\t<\/div>\n\t\t\t\t<div class=\"elementor-element elementor-element-f543861 elementor-widget__width-initial elementor-widget elementor-widget-image\" data-id=\"f543861\" data-element_type=\"widget\" data-e-type=\"widget\" data-widget_type=\"image.default\">\n\t\t\t\t\t\t\t\t\t\t\t\t\t\t\t<img loading=\"lazy\" decoding=\"async\" width=\"650\" height=\"366\" src=\"https:\/\/www.we-doevents.com\/wp-content\/uploads\/2026\/01\/Decathlon-Logo-650x366-1.png\" class=\"attachment-large size-large wp-image-110\" alt=\"\" srcset=\"https:\/\/www.we-doevents.com\/wp-content\/uploads\/2026\/01\/Decathlon-Logo-650x366-1.png 650w, https:\/\/www.we-doevents.com\/wp-content\/uploads\/2026\/01\/Decathlon-Logo-650x366-1-300x169.png 300w\" sizes=\"(max-width: 650px) 100vw, 650px\" \/>\t\t\t\t\t\t\t\t\t\t\t\t\t\t\t<\/div>\n\t\t\t\t<div class=\"elementor-element elementor-element-af48dc2 elementor-widget__width-initial elementor-widget elementor-widget-image\" data-id=\"af48dc2\" data-element_type=\"widget\" data-e-type=\"widget\" data-widget_type=\"image.default\">\n\t\t\t\t\t\t\t\t\t\t\t\t\t\t\t<img loading=\"lazy\" decoding=\"async\" width=\"500\" height=\"500\" src=\"https:\/\/www.we-doevents.com\/wp-content\/uploads\/2026\/01\/logo-la-parisienne-500x500-1.webp\" class=\"attachment-large size-large wp-image-113\" alt=\"\" srcset=\"https:\/\/www.we-doevents.com\/wp-content\/uploads\/2026\/01\/logo-la-parisienne-500x500-1.webp 500w, https:\/\/www.we-doevents.com\/wp-content\/uploads\/2026\/01\/logo-la-parisienne-500x500-1-300x300.webp 300w, https:\/\/www.we-doevents.com\/wp-content\/uploads\/2026\/01\/logo-la-parisienne-500x500-1-150x150.webp 150w\" sizes=\"(max-width: 500px) 100vw, 500px\" \/>\t\t\t\t\t\t\t\t\t\t\t\t\t\t\t<\/div>\n\t\t\t\t<\/div>\n\t\t\t\t\t<\/div>\n\t\t\t\t<\/div>\n\t\t<div class=\"elementor-element elementor-element-8d85d83 e-flex e-con-boxed e-con e-parent\" data-id=\"8d85d83\" data-element_type=\"container\" data-e-type=\"container\" data-settings=\"{&quot;background_background&quot;:&quot;gradient&quot;}\">\n\t\t\t\t\t<div class=\"e-con-inner\">\n\t\t\t\t<div class=\"elementor-element elementor-element-751b7b6 elementor-widget elementor-widget-heading\" data-id=\"751b7b6\" data-element_type=\"widget\" data-e-type=\"widget\" data-widget_type=\"heading.default\">\n\t\t\t\t\t<h2 class=\"elementor-heading-title elementor-size-default\">VOUS SOUHAITEZ IMAGINER UN PROJET SPORTIF \u00c0 IMPACT ?<\/h2>\t\t\t\t<\/div>\n\t\t\t\t<div class=\"elementor-element elementor-element-5788dec elementor-widget elementor-widget-text-editor\" data-id=\"5788dec\" data-element_type=\"widget\" data-e-type=\"widget\" data-widget_type=\"text-editor.default\">\n\t\t\t\t\t\t\t\t\t<p>Transformons votre vision ensemble<\/p>\t\t\t\t\t\t\t\t<\/div>\n\t\t\t\t<div class=\"elementor-element elementor-element-140da52 elementor-widget elementor-widget-html\" data-id=\"140da52\" data-element_type=\"widget\" data-e-type=\"widget\" data-widget_type=\"html.default\">\n\t\t\t\t\t<div style=\"text-align: center;\">\r\n    <a href=\"\/contact\" class=\"btn-speed\">\r\n        <span>DEMANDEZ UN DEVIS<\/span>\r\n    <\/a>\r\n<\/div>\t\t\t\t<\/div>\n\t\t\t\t\t<\/div>\n\t\t\t\t<\/div>\n\t\t\t\t<\/div>\n\t\t","protected":false},"excerpt":{"rendered":"<p>R\u00c9F\u00c9RENCES &amp; PARTENARIATS Des projets sportifs men\u00e9s aux c\u00f4t\u00e9s de collectivit\u00e9s, de marques et d\u2019institutions. WE DO EVENTS d\u00e9veloppe et produit des \u00e9v\u00e9nements sportifs \u00e0 fort impact, adapt\u00e9s aux enjeux de territoire, de visibilit\u00e9 et d\u2019engagement des publics. COLLECTIVIT\u00c9S &amp; INSTITUTIONS MAIRIE DE PARIS (11E) Organisation du Jump Day, \u00e9v\u00e9nement sportif grand public d\u00e9di\u00e9 \u00e0 [&hellip;]<\/p>\n","protected":false},"author":1,"featured_media":0,"parent":0,"menu_order":0,"comment_status":"closed","ping_status":"closed","template":"","meta":{"footnotes":""},"class_list":["post-641","page","type-page","status-publish","hentry"],"_links":{"self":[{"href":"https:\/\/www.we-doevents.com\/index.php\/wp-json\/wp\/v2\/pages\/641","targetHints":{"allow":["GET"]}}],"collection":[{"href":"https:\/\/www.we-doevents.com\/index.php\/wp-json\/wp\/v2\/pages"}],"about":[{"href":"https:\/\/www.we-doevents.com\/index.php\/wp-json\/wp\/v2\/types\/page"}],"author":[{"embeddable":true,"href":"https:\/\/www.we-doevents.com\/index.php\/wp-json\/wp\/v2\/users\/1"}],"replies":[{"embeddable":true,"href":"https:\/\/www.we-doevents.com\/index.php\/wp-json\/wp\/v2\/comments?post=641"}],"version-history":[{"count":112,"href":"https:\/\/www.we-doevents.com\/index.php\/wp-json\/wp\/v2\/pages\/641\/revisions"}],"predecessor-version":[{"id":1652,"href":"https:\/\/www.we-doevents.com\/index.php\/wp-json\/wp\/v2\/pages\/641\/revisions\/1652"}],"wp:attachment":[{"href":"https:\/\/www.we-doevents.com\/index.php\/wp-json\/wp\/v2\/media?parent=641"}],"curies":[{"name":"wp","href":"https:\/\/api.w.org\/{rel}","templated":true}]}}